{"id":92,"date":"2018-01-19T19:37:44","date_gmt":"2018-01-19T18:37:44","guid":{"rendered":"http:\/\/www.satutaskinen.com\/de\/?page_id=92"},"modified":"2018-09-21T11:58:39","modified_gmt":"2018-09-21T09:58:39","slug":"die-kathedrale","status":"publish","type":"page","link":"https:\/\/www.satutaskinen.com\/de\/kirjat-buecher-books\/deutsch\/die-kathedrale\/","title":{"rendered":"Die Kathedrale"},"content":{"rendered":"<p><em>Der Mensch ist eine Kathedrale. So sagte man. Jeder Mensch. Der K\u00f6rper des Menschen und auch Kerstins K\u00f6rper, eine Kathedrale des Heiligen Geistes.<\/em><\/p>\n<p><img loading=\"lazy\" decoding=\"async\" class=\"alignnone size-medium wp-image-79\" src=\"https:\/\/www.satutaskinen.com\/de\/wp-content\/uploads\/2018\/01\/die_kathedrale_cover-193x300.jpeg\" alt=\"Die Kathedrale cover\" width=\"193\" height=\"300\" \/><\/p>\n<p>Was st\u00fcrzt zuerst ein &#8211; eine gotische Kathedrale, eine b\u00fcrgerliche Familie oder ein Turm aus M\u00fcll?<\/p>\n<p>Tea lebt alleine und zur\u00fcckgezogen, sie herrscht \u00fcber ein Chaos aus M\u00fcll, den sie immer wieder neu sortiert. Doch wie wurde eine Tochter aus gutem Haus, eine Arztgattin und Mutter, zur Erbauerin schwankender Joghurtbechert\u00fcrme &#8211; zum Messie? Als Teas Schwester Kerstin stirbt, trifft man sich zum Gottesdienst. Mit unterk\u00fchltem Humor und feinem Sinn f\u00fcr das Absurde beschreibt Taskinen, wie die w\u00fcrdevolle Trauerfeier einer b\u00fcrgerlichen Familie in ihr Gegenteil kippt. Es tun sich alle Abgr\u00fcnde auf, die Tea zur verzweifelten Sammlerin jener scheinbar wertlosen Bausteine gemacht haben, aus denen ihr Leben besteht. Durch die Empathie ihres Erz\u00e4hlens gelingt es Satu Taskinen meisterhaft, uns mit der Grausamkeit des Familienlebens zu vers\u00f6hnen. \/ RESIDENZ-VERLAG<\/p>\n<p>\u00dcbersetzung: Regine Pirschel<\/p>\n<p>Pressestimmen:<\/p>\n<p>&#8222;Der Mensch ist eine Kathedrale.&#8220; In derselben Weise, in der der Sakralbau Gef\u00e4\u00df f\u00fcr den Heiligen Geist ist, ist der menschliche K\u00f6rper Heimat f\u00fcr die Seele. (&#8211;) Der philosophische Ansatz von Satu Taskinens ber\u00fchrendem Roman ist unverkennbar (&#8211;). Gebannt folgt man Teas Ausf\u00fchrung \u00fcber 300 Seiten lang. Sie hat Sogwirkung. Teas Welt nimmt gefangen. (&#8211;) Heilung liegt darin, die Konsequenz daf\u00fcr, was zwangsl\u00e4ufig falsch gelaufen ist, tu tragen. Selbst wenn es wehtut. Satu Taskinens Roman ist ein in Sprache gegossenes Meisterwerk an Lebensphilosophie.<br \/>\n<a href=\"https:\/\/diepresse.com\/home\/spectrum\/literatur\/4885718\/Das-Horten-von-Muell?from=suche.intern.portal\">MARIA-CHRISTINE LEITGEB, DIE PRESSE<\/a><\/p>\n<p>Die Kathedrale ist eine eindr\u00fcckliche, beklemmende und sehr lesenswerte Darstellung eines kranken Menschen.<br \/>\nFINNLANDMAGAZIN<\/p>\n<p>Worte, Bilder, poetische Fetzen treiben in rhythmischen Sch\u00fcben vor\u00fcber, bilden Strudel und Muster und rei\u00dfen unser Herz, unser Bewusstsein mit.<br \/>\nBADISCHE ZEITUNG<\/p>\n<p>Ihr feiner Sinn f\u00fcr das Absurde macht aus dieser Geschichte eine intensive Suche der existenziellen Art.<br \/>\nKATRIN MIRTSCHNINK, PANKEBUCH<\/p>\n<p>Satu Taskinen mutet ihren Lesern die Ungeheuerlichkeit, zu der Tea f\u00fcr ihre Umwelt geworden ist, langsam und dosiert zu. (&#8211;) Der Roman zeichnet das Bild einer kalten, verlogenen B\u00fcrgerlichkeit, die an sich selbst und ihren Anspr\u00fcchen hinter einer gl\u00e4nzenden Fassade zugrunde geht. Und er stellt existenzielle Fragen: Was darf man anderen zumuten? Was von ihnen verlangen? Was muss man daf\u00fcr zu geben bereit sein? Was annehmen k\u00f6nnen? Und nat\u00fcrlich: Was ist Familie, was macht sie mit uns? (&#8211;) Wieder einmal eine Autorin, die man sich merken muss. Empfehlung.<br \/>\nOLIVER HERZIG XING, B\u00dcCHER, B\u00dcCHER, B\u00dcCHER<\/p>\n<p>Kaurism\u00e4ki k\u00fcsst Trakl.<br \/>\nR\u00dcDIGER DITTRICH, GIESSENER ANZEIGER<\/p>\n<p>Beklemmend, grotesk, ironisch &#8211; ein gro\u00dfartiger Roman, der davon erz\u00e4hlt, wie aus einer gutwilligen, ungeschickten Tochter ein Messie wird.<br \/>\nPATRICIA BROOKS, BUCHKULTUR<\/p>\n<p>Eine interessante Variante des Themas &#8222;Familie und ihre Abgr\u00fcnde&#8220;.<br \/>\nVERENA BURKELJCA, EKZ<\/p>\n<p><a href=\"http:\/\/www.kultura-extra.de\/literatur\/spezial\/buchkritik_satutaskinen_diekathedrale.php\">Es passiert eigentlich nicht viel in dem Roman von Satu Taskinen, und trotzdem kann man ihn kaum aus der Hand legen.<\/a><br \/>\nELLEN NORTEN, KULTUREXTRA<\/p>\n<p>Die Gedanken, die Gef\u00fchle und der K\u00f6rper &#8211; dieser Dreiklang und die st\u00e4ndige Wechselwirkung dazwischen, dar\u00fcber schreibt Satu Taskinen mit so viel Empathie und einem feinen Sinn f\u00fcr das Skurrile, dass sie das Kunstst\u00fcck vollbringt, aus famili\u00e4ren Grabenk\u00e4mpfen philosophische Fragen abzuleiten, die zutiefst ber\u00fchren.<br \/>\nTINA SCHRAML, B\u00dcCHER<\/p>\n<p>(&#8211;) einfach unwiderstehlich.<br \/>\nSYLVIA K\u00d6CHL, ANSCHL\u00c4GE<\/p>\n<p>Satu Taskinen arbeitet mit einer pr\u00e4zisen, n\u00fcchternen Sprache, die in ihrer Direktheit eine unglaubliche Sogwirkung erzeugt. Nach zwei S\u00e4tzen befindet man sich mitten im Geschehen, ist am Schauplatz.<br \/>\nKATHARINA FERNER, BIBLIOTHEKSNACHRICHTEN<\/p>\n<p>Die Kathedrale is ein Schuld-Drama (&#8211;). Teas S\u00fcndenfall ist dabei nicht, wie man annehmen w\u00fcrde, die Habsucht, sondern die Verzweiflung. (&#8211;) Bei alldem zeigt die Autorin die Sammlung, um die es vermeintlich geht, nicht oder nicht ausf\u00fchrlich, l\u00e4sst sie h\u00f6chstens ins Bild treten. An die Stelle der Sammlung tritt die Sprache. (&#8211;) Tea ist eine kluge und gewitzte Beobachterin. Ihren Gedankeng\u00e4ngen zu folgen ist bei allem inneren Elend immer wieder erhellend und sehr unterhaltsam. (&#8211;) dass man als Leser aus ihrer Seelenpein (&#8211;) \u00e4sthetischen Genuss ziehen kann, und keinen geringen, zeugt vielleicht von der latenten Unmoral der Literatur, sicher aber vom K\u00f6nnen der Autorin.<br \/>\nBERNHARD OBERREITHER, DER STANDARD<\/p>\n","protected":false},"excerpt":{"rendered":"<p>Der Mensch ist eine Kathedrale. So sagte man. Jeder Mensch. Der K\u00f6rper des Menschen und auch Kerstins K\u00f6rper, eine Kathedrale des Heiligen Geistes. Was st\u00fcrzt zuerst ein &#8211; eine gotische Kathedrale, eine b\u00fcrgerliche Familie oder ein Turm aus M\u00fcll? Tea lebt alleine und zur\u00fcckgezogen, sie herrscht \u00fcber ein Chaos aus M\u00fcll, den sie immer wieder &hellip; <\/p>\n<p class=\"link-more\"><a href=\"https:\/\/www.satutaskinen.com\/de\/kirjat-buecher-books\/deutsch\/die-kathedrale\/\" class=\"more-link\"><span class=\"screen-reader-text\">\u201eDie Kathedrale\u201c <\/span>weiterlesen<\/a><\/p>\n","protected":false},"author":2,"featured_media":0,"parent":73,"menu_order":2,"comment_status":"closed","ping_status":"closed","template":"","meta":{"footnotes":""},"class_list":["post-92","page","type-page","status-publish","hentry"],"_links":{"self":[{"href":"https:\/\/www.satutaskinen.com\/de\/wp-json\/wp\/v2\/pages\/92","targetHints":{"allow":["GET"]}}],"collection":[{"href":"https:\/\/www.satutaskinen.com\/de\/wp-json\/wp\/v2\/pages"}],"about":[{"href":"https:\/\/www.satutaskinen.com\/de\/wp-json\/wp\/v2\/types\/page"}],"author":[{"embeddable":true,"href":"https:\/\/www.satutaskinen.com\/de\/wp-json\/wp\/v2\/users\/2"}],"replies":[{"embeddable":true,"href":"https:\/\/www.satutaskinen.com\/de\/wp-json\/wp\/v2\/comments?post=92"}],"version-history":[{"count":8,"href":"https:\/\/www.satutaskinen.com\/de\/wp-json\/wp\/v2\/pages\/92\/revisions"}],"predecessor-version":[{"id":831,"href":"https:\/\/www.satutaskinen.com\/de\/wp-json\/wp\/v2\/pages\/92\/revisions\/831"}],"up":[{"embeddable":true,"href":"https:\/\/www.satutaskinen.com\/de\/wp-json\/wp\/v2\/pages\/73"}],"wp:attachment":[{"href":"https:\/\/www.satutaskinen.com\/de\/wp-json\/wp\/v2\/media?parent=92"}],"curies":[{"name":"wp","href":"https:\/\/api.w.org\/{rel}","templated":true}]}}