{"id":88,"date":"2018-01-19T19:36:53","date_gmt":"2018-01-19T18:36:53","guid":{"rendered":"http:\/\/www.satutaskinen.com\/de\/?page_id=88"},"modified":"2018-10-04T18:46:16","modified_gmt":"2018-10-04T16:46:16","slug":"lapset","status":"publish","type":"page","link":"https:\/\/www.satutaskinen.com\/de\/kirjat-buecher-books\/suomeksi\/lapset\/","title":{"rendered":"Lapset"},"content":{"rendered":"<p><em>Me kaikki tied\u00e4mme.<\/em><\/p>\n<p><img loading=\"lazy\" decoding=\"async\" class=\"alignnone wp-image-69 size-medium\" src=\"https:\/\/www.satutaskinen.com\/de\/wp-content\/uploads\/2018\/01\/lapset_cover-201x300.jpg\" alt=\"Romaanista Lapset Cover\" width=\"201\" height=\"300\" \/><\/p>\n<p>P\u00e4iv\u00e4n kulun pit\u00e4isi olla selv\u00e4. T\u00f6iden j\u00e4lkeen Navidin t\u00e4ytyy poistua luokkahuoneesta, ostaa lahja ja kortti lapsenlapselle ja ajaa syntym\u00e4p\u00e4iv\u00e4juhliin. My\u00f6s el\u00e4m\u00e4n kulun pit\u00e4isi olla kaikille selv\u00e4: itse\u00e4 ja toisia tulee kunnioittaa, ei saa tuottaa k\u00e4rsimyst\u00e4, t\u00e4ytyy kantaa vastuunsa &#8211; oli se sitten miten pieni tai suuri tahansa. Mutta Navidin vointi on jostain syyst\u00e4 kovin kehno, Sara-vaimon poissaolo ahdistaa ja ajatukset py\u00f6riv\u00e4t yh\u00e4 laajenevina kehin\u00e4. Ja maailma ymp\u00e4rill\u00e4 vasta py\u00f6riikin: Eurooppa natisee liitoksissaan, eriarvoisuus kasvaa kaikkialla.<\/p>\n<p>Tapahtumat kerrotaan Navidin sis\u00e4isen puheen kautta ty\u00f6p\u00e4iv\u00e4n loppumisesta iltaan. Satu Taskinen kuvaa nerokkaasti ajatuksen kulkua, ihmist\u00e4 keskell\u00e4 kaikista v\u00e4ltt\u00e4m\u00e4tt\u00f6mimpi\u00e4 ja kipeimpi\u00e4 kysymyksi\u00e4. Miten tulisi el\u00e4\u00e4, miten suhtautua k\u00e4rsimykseen, miten auttaa muita, ja miten selvit\u00e4 my\u00f6s itse t\u00e4st\u00e4 kaikesta? Romaani vaatii hyvi\u00e4 tekoja ja heitt\u00e4ytymist\u00e4 itsen ulkopuolelle. Mutta huutamisen sijasta Navid ja maailmamme esitet\u00e4\u00e4n siin\u00e4 rakkaudella, koomisen paljaana ja kipe\u00e4n\u00e4. Lapset on hurja kirja. Se muuttuu yksinpuhelua ja yht\u00e4 ihmist\u00e4 suuremmaksi, universaaliksi yritykseksi pysy\u00e4 inhimillisen\u00e4 ja el\u00e4\u00e4 oikein.<\/p>\n<p>Romaani Lapset on itsen\u00e4inen, kolmas osa trilogiaa, jonka kaksi ensimm\u00e4ist\u00e4 osaa ovat T\u00e4ydellinen paisti ja Katedraali. Aikaisemmat romaanit on k\u00e4\u00e4nnetty saksaksi. My\u00f6s Lapset ilmestyy saksaksi Regine Pirschelin k\u00e4\u00e4nt\u00e4m\u00e4n\u00e4 ja it\u00e4valtaisen Residenz Verlagin kustantamana helmikuussa 2018. \/ TEOS<\/p>\n<p>Lapset-romaanista kirjoitettua:<\/p>\n<p>Satu Taskinen jatkaa eurooppalaisen sielun kuvausta. \u00a0(&#8211;) Liettualaisen filosofin Emmanuel Levinasin nimi vilahtaa kirjassa kahdesti, eik\u00e4 syytt\u00e4. Levinasin ajattelun ydint\u00e4 on se, kuinka viha ja piittaamattomuus toista ihmist\u00e4 kohtaan ovat ylip\u00e4\u00e4t\u00e4ns\u00e4 mahdollisia. (&#8211;) Navidin kirvelev\u00e4 monologi l\u00f6yt\u00e4\u00e4 takuulla lukijansa. Satu Taskinen on viimeist\u00e4\u00e4n t\u00e4ll\u00e4 kirjallaan noussut aika yl\u00f6s uuden kotimaisen proosan ranking-listalla.<br \/>\n<a href=\"https:\/\/www.hs.fi\/kulttuuri\/art-2000005211921.html\">HARRI NORDELL, HELSINGIN SANOMAT<\/a><\/p>\n<p>On kaamea klisee puhua eurooppalaisista romaaneista, mutta Taskisen kohdalla tekstin virittymisest\u00e4, rakentumisesta ja mielenmaisemasta paistavat mannermaiset vaikutteet. (&#8211;) Kappalejakojen puuttuminen pakottaa keskittym\u00e4\u00e4n lauseiden sis\u00e4iseen rytmiin ja aistimaan tauot, hidastukset ja kiihdytykset tekstin hengityst\u00e4 kuuntelemalla. Taskisen sanank\u00e4ytt\u00f6taidon ja kielellisen musikaalisuuden ansioista l\u00e4hilukuun pakottava teksti synnytt\u00e4\u00e4 intiimin l\u00e4sn\u00e4olon tunnun. Siin\u00e4 on suoran puheen v\u00e4\u00e4rent\u00e4m\u00e4t\u00f6nt\u00e4 kauneutta. (&#8211;) lauseita luonnehtii pehmeys ja virtaavuus. (&#8211;) Ydinajatustensa tasolla Lapset voi lukea vastapainona, ellei per\u00e4ti vastakirjoituksena, Bernhardin synkille, toivon ja lohdutuksen kielt\u00e4ville teoksille. Bernhardin romaanihahmot vastaavat maailman pieleen menemiseen vihalla, mutta Lasten p\u00e4\u00e4henkil\u00f6 vastaa siihen surulla. H\u00e4n ei kuitenkaan j\u00e4\u00e4 surunsa vangiksi, vaan puhkeaa esitt\u00e4m\u00e4\u00e4n hyvyysvaatimuksia ihmisille ja ihmiskunnalle. (&#8211;) Lapsissa tapahtuu se proosan ihme, ett\u00e4 yhden ihmisen \u00e4\u00e4ni kasvaa yleisinhimilliseksi \u00e4\u00e4neksi. Puhe virtaa persoonan, identiteetin, sukupuolen, yhteiskunnallisen aseman ja historiallisen tilanteen asettamien rajojen yli. Taskinen ei ole kirjoittanut pelk\u00e4st\u00e4\u00e4n romaania, h\u00e4n on kirjoittanut m\u00f6s koskettavan ihmisyyspuheenvuoron, joka osoittaa ett\u00e4 hyv\u00e4ss\u00e4 taiteessa sopii olla my\u00f6s paatosta.<br \/>\nTOMMI MELENDER, PARNASSO<\/p>\n<p>Satu Taskisen romaanin Lapset p\u00e4\u00e4henkil\u00f6n syv\u00e4sti inhimillinen \u00e4\u00e4ni ei voisi olla onnistuneempi. (&#8211;) H\u00e4n kirjoittaa komeasti, niin ett\u00e4 jokaisen arkisen ajatuksen takana kulkee toisia tasoja. Navidin sis\u00e4inen puhe on todella kuin mielen like: ajatusta seuraa havainto, havaintoa uusi ajatus, v\u00e4l\u00e4hdys, tunne, uusi havainto, muisto ja taas ajatus ja niin edelleen. Navidista kasvaa niin k\u00e4sin kosketeltava, ett\u00e4 hetken kuvittelen tuntevani miehen.<br \/>\n<a href=\"https:\/\/www.aamulehti.fi\/kulttuuri\/opettaja-matkaa-lastenlastensa-syntymapaiville-ja-perkaa-nykymaailman-tilan-jalkeen-jaa-vain-ilmansaasteiden-vana-200126696\/\">MARJAANA ROPONEN, AAMULEHTI<\/a><\/p>\n<p>(&#8211;) ja h\u00e4n, kenelle haluan antaa kaikkein parasta, saa Satu Taskisen Lapset.<br \/>\n<a href=\"https:\/\/www.kaleva.fi\/mielipide\/kolumnit\/kirjailija-minna-rytisalo-tarjoaa-lukijoille-valmiin-kirjalahjalistan\/779136\/\">MINNA RYTISALO, KALEVA<\/a><\/p>\n<p>Romaani h\u00e4tk\u00e4hdytt\u00e4\u00e4 ajankohtaisuudellaan.<br \/>\n<a href=\"https:\/\/www.ts.fi\/kulttuuri\/kirjat\/arviot\/3510951\/Kirjaarvio+Katse+joka+tunnistaa+ihmiseksi\">MARISSA MEHR, TURUN SANOMAT<\/a><\/p>\n<p>[Lapset-romaanin] loppu on pakahduttavan hieno.<br \/>\nINA RUOKOLAINEN, KESKISUOMALAINEN<\/p>\n<p>L\u00e4hes yhteen p\u00f6tk\u00f6\u00f6n kirjoitetussa tekstiss\u00e4 on rytmi\u00e4 (&#8211;).<br \/>\n<a href=\"https:\/\/suomenkuvalehti.fi\/jutut\/kulttuuri\/kirjat\/mies-lopussa-silloin-voi-vain-lohdutella-itseaan-ja-muita\/\">HERMAN RAIVIO, SUOMEN KUVALEHTI<\/a><\/p>\n<p>Kun kirja on vaikuttanut niin vahvasti kuin Lapset on vaikea kirjoittaa mit\u00e4\u00e4n, koska samaan aikaan on niin sanaton ja sanoja t\u00e4ynn\u00e4. Kun lohtuitkett\u00e4\u00e4 koko ajan, kun miettii lukemaansa ja kun py\u00f6rrytt\u00e4\u00e4, kun ajattelee Lasten p\u00e4\u00e4henkil\u00f6\u00e4 Navidia, joka h\u00e4nkin tuntee huimausta l\u00e4pi kirjan. Kun olo on v\u00e4h\u00e4n sellainen kun se on, kun on rakkaan yst\u00e4v\u00e4n kanssa keskustellut kaksi p\u00e4iv\u00e4\u00e4 ja kaksi y\u00f6t\u00e4 ja sen j\u00e4lkeen h\u00e4nen on pit\u00e4nyt l\u00e4hte\u00e4 kotiinsa, joka on maailmojen \u00e4\u00e4ress\u00e4. (&#8211;) On olemassa erityinen lukemisen tapa, jota kutsun hartaaksi lukemiseksi. Sen ominaisimmat tunnusmerkit ovat maailman ulkopuolelleen sulkeva keskittyminen, h\u00e4ik\u00e4istyminen ja rakkaus luettua teksti\u00e4 kohtaan. Ja rakkaudesta, kuten tied\u00e4mme &#8222;l\u00f6ytyy aina oikea vastaus joka ikiseen pulmaan.&#8220; Se on rakkauden tarjoama happinaamari, jonka lukeminen on lukemista, jossa ei ole aikaa. Lukemista jossa sanat menev\u00e4t sormenp\u00e4ist\u00e4 l\u00e4pi. Lukemista, jota ei voi lopettaa, vaikka on kamala pissah\u00e4t\u00e4. \/ Lapset on humanismi. Se on ihmisen osa, taivallus ja yritys el\u00e4\u00e4. (&#8211;). Se sytytt\u00e4\u00e4 lukijassaan vastaansanomatonta l\u00e4mp\u00f6\u00e4, inhimillisyytt\u00e4 ja kohtuullisuutta. Se l\u00e4ikkyy vasten rintalastaa. Se kasvaa ja laajenee vastarinnaksi nykyist\u00e4 talousj\u00e4rjestelmien hallitsemaa kulutusel\u00e4m\u00e4ntapaa vastaan. Se vakuuttaa, ett\u00e4 sinussa minussa meiss\u00e4 on jo kaikki, jos vaan uskallamme pys\u00e4hty\u00e4 ja kysy\u00e4.<br \/>\n<a href=\"http:\/\/readerwhydidimarryhim.blogspot.com\/2017\/04\/satu-taskinen-lapset.html\">READER, WHY DID I MARRY HIM -BLOGI<\/a><\/p>\n<p>T\u00e4\u00e4 oli helppo! Suosittelen is\u00e4lle [is\u00e4inp\u00e4iv\u00e4lahjaksi] Satu Taskisen Lapset-romaania, joka on j\u00e4ntev\u00e4 ja avartava kaunokirjallinen katsaus Eurooppaan ja maailmaan juuri nyt, ylipainoisen keski-ik\u00e4isen miehen tajunnasta k\u00e4sin arvioiden.<br \/>\nJUHA HURME, HS.FI<\/p>\n<p>Rakastan t\u00e4t\u00e4 romaania! #Lapset<br \/>\nTARU TORIKKA, RADIO HELSINKI<\/p>\n<p>Parhaimmillaan romaani voi olla kurkistus syv\u00e4lle ihmismieleen. Sellainen on Satu Taskisen uutuus.<br \/>\nANNA-LEENA JALAVA, GLORIA<\/p>\n<p>Upeaa kotimaista proosaa!<br \/>\n<a href=\"http:\/\/taysiensivujennautinto.blogspot.com\/2017\/05\/satu-taskinen-lapset.html\">T\u00c4YSIEN SIVUJEN NAUTINTO -BLOGI<\/a><\/p>\n<p>Ajatusten virrassa koko el\u00e4m\u00e4<br \/>\n<a href=\"http:\/\/www.kujerruksia.fi\/2018\/01\/satu-taskinen-lapset.html\">KUJERRUKSIA.FI -BLOGI<\/a><\/p>\n","protected":false},"excerpt":{"rendered":"<p>Me kaikki tied\u00e4mme. P\u00e4iv\u00e4n kulun pit\u00e4isi olla selv\u00e4. T\u00f6iden j\u00e4lkeen Navidin t\u00e4ytyy poistua luokkahuoneesta, ostaa lahja ja kortti lapsenlapselle ja ajaa syntym\u00e4p\u00e4iv\u00e4juhliin. My\u00f6s el\u00e4m\u00e4n kulun pit\u00e4isi olla kaikille selv\u00e4: itse\u00e4 ja toisia tulee kunnioittaa, ei saa tuottaa k\u00e4rsimyst\u00e4, t\u00e4ytyy kantaa vastuunsa &#8211; oli se sitten miten pieni tai suuri tahansa. Mutta Navidin vointi on jostain &hellip; <\/p>\n<p class=\"link-more\"><a href=\"https:\/\/www.satutaskinen.com\/de\/kirjat-buecher-books\/suomeksi\/lapset\/\" class=\"more-link\"><span class=\"screen-reader-text\">\u201eLapset\u201c <\/span>weiterlesen<\/a><\/p>\n","protected":false},"author":2,"featured_media":0,"parent":71,"menu_order":3,"comment_status":"closed","ping_status":"closed","template":"","meta":{"footnotes":""},"class_list":["post-88","page","type-page","status-publish","hentry"],"_links":{"self":[{"href":"https:\/\/www.satutaskinen.com\/de\/wp-json\/wp\/v2\/pages\/88","targetHints":{"allow":["GET"]}}],"collection":[{"href":"https:\/\/www.satutaskinen.com\/de\/wp-json\/wp\/v2\/pages"}],"about":[{"href":"https:\/\/www.satutaskinen.com\/de\/wp-json\/wp\/v2\/types\/page"}],"author":[{"embeddable":true,"href":"https:\/\/www.satutaskinen.com\/de\/wp-json\/wp\/v2\/users\/2"}],"replies":[{"embeddable":true,"href":"https:\/\/www.satutaskinen.com\/de\/wp-json\/wp\/v2\/comments?post=88"}],"version-history":[{"count":16,"href":"https:\/\/www.satutaskinen.com\/de\/wp-json\/wp\/v2\/pages\/88\/revisions"}],"predecessor-version":[{"id":991,"href":"https:\/\/www.satutaskinen.com\/de\/wp-json\/wp\/v2\/pages\/88\/revisions\/991"}],"up":[{"embeddable":true,"href":"https:\/\/www.satutaskinen.com\/de\/wp-json\/wp\/v2\/pages\/71"}],"wp:attachment":[{"href":"https:\/\/www.satutaskinen.com\/de\/wp-json\/wp\/v2\/media?parent=88"}],"curies":[{"name":"wp","href":"https:\/\/api.w.org\/{rel}","templated":true}]}}