{"id":86,"date":"2018-01-19T19:36:32","date_gmt":"2018-01-19T18:36:32","guid":{"rendered":"http:\/\/www.satutaskinen.com\/de\/?page_id=86"},"modified":"2018-09-03T11:40:24","modified_gmt":"2018-09-03T09:40:24","slug":"katedraali","status":"publish","type":"page","link":"https:\/\/www.satutaskinen.com\/de\/kirjat-buecher-books\/suomeksi\/katedraali\/","title":{"rendered":"Katedraali"},"content":{"rendered":"<p><em>Ihminen on katedraali. Sanottiin n\u00e4in. Jokainen ihminen on. Ihmisen ja Kerstininkin keho, Pyh\u00e4n Hengen katedraali.<\/em><\/p>\n<p><img loading=\"lazy\" decoding=\"async\" class=\"alignnone wp-image-80 size-medium\" src=\"https:\/\/www.satutaskinen.com\/de\/wp-content\/uploads\/2018\/01\/katedraali_cover-180x300.jpg\" alt=\"Katedraali Cover\" width=\"180\" height=\"300\" \/><\/p>\n<p>Perheen tytt\u00e4rell\u00e4 Kerstinill\u00e4 on ollut tuskallinen geneettinen sairaus, johon h\u00e4n lopulta kuolee vain 37-vuotiaana. Kerstinin kuolema ja hautajaiset johdattavat perheenj\u00e4senet perimm\u00e4isten kysymysten \u00e4\u00e4relle. Mik\u00e4 on ihmisen teht\u00e4v\u00e4 ja osa maailmassa ja el\u00e4m\u00e4ss\u00e4? Mit\u00e4 ihminen tekee ja mit\u00e4 h\u00e4nen pit\u00e4isi tai h\u00e4n saisi tehd\u00e4 el\u00e4m\u00e4ss\u00e4\u00e4n?<\/p>\n<p>Kerronnan n\u00e4k\u00f6kulma on Tean, joka ei ole tavannut perhett\u00e4\u00e4n pitk\u00e4\u00e4n aikaan. H\u00e4n ei halua poistua asunnostaan ja on ker\u00e4nnyt sen t\u00e4yteen kaikkea mahdollista l\u00f6yt\u00e4m\u00e4\u00e4ns\u00e4 tavaraa. Perheen tarina paljastuu v\u00e4h\u00e4 v\u00e4h\u00e4lt\u00e4: ihmistenv\u00e4liset suhteet, ajatukset, pelot, toiveet, pettymykset, surut ja tunteet. Kirjan alussa Tea puuskahtaa, ett\u00e4 maailma hylkii ihmisi\u00e4. H\u00e4nen mielest\u00e4\u00e4n emme ole t\u00e4\u00e4ll\u00e4 toivottuja, kukaan ei halua panostamme tai rakkauttamme. Uutisten ja historian mukaan olemme vain pahantekij\u00f6it\u00e4, saastuttajia. Vallitsevina tunnelmina el\u00e4m\u00e4ss\u00e4 ovat syyllisyys, suru ja kauna.<\/p>\n<p>Satu Taskinen kirjoittaa briljantin traagisesti ja hauskasti. Lukija ei voi olla nauramatta ja itkem\u00e4tt\u00e4 yht\u00e4 aikaa. Miettim\u00e4tt\u00e4 mihin kaikkeen turhaan me takerrumme ja kutsumme sit\u00e4 katedraaliksi. \/ TEOS<\/p>\n<p>Katedraali-romaanista kirjoitettua:<\/p>\n<p>Pakkoker\u00e4ilij\u00e4n tarinasta tuli mahtava romaani. Satu Taskisen toisen romaanin kysymykset ovat suuria: mit\u00e4 tehd\u00e4, miten el\u00e4\u00e4 hyv\u00e4 el\u00e4m\u00e4. Katedraali vastaa kysymykseen koko painollaan. (&#8211;) Katedraalin intensiivinen ilmaisu tuo ilman muuta mieleen kirjailijan palkitun esikoisromaanin T\u00e4ydellinen paisti (2011). (&#8211;) Romaani on erinomaisesti rakennettu yksinpuhelu, joka harhailee globaalista katastrofista aina perheen sis\u00e4isiin traumoihin. Ja kuten arvata saattaa: ei l\u00f6ydy yht\u00e4 syyt\u00e4 ihmismielen lamalle.<br \/>\nMERVI KANTOKORPI, HELSINGIN SANOMAT<\/p>\n<p>Ehe\u00e4 kokonaisrakenne, kaunis kieli ja merkitykselliseksi kasvava symbolitaso nostivat Satu Taskisen Katedraalin yksimielisesti my\u00f6s historian ensimm\u00e4isen Toisinkoinen-palkinnon voittajaksi.<br \/>\nMATIAS KORISEVA, K\u00c4KRI\u00c4INEN<\/p>\n<p>Satu Taskisen toinen romaani Katedraali sopii t\u00e4ydellisesti sateisiin syysp\u00e4iviin, jolloin on aika pys\u00e4hty\u00e4 ja lukea ajatuksella. (&#8211;) Taskinen nostaa taitavasti Katedraalin teemaksi ihmisen tarpeen hallita ja vaikeuden hyv\u00e4ksy\u00e4. (&#8211;) kirjan p\u00e4\u00e4tytty\u00e4 olo tuntuu aiempaa kevyemm\u00e4lt\u00e4 ja mieli hieman avarammalta. Terapia on ilmeisesti toiminut.<br \/>\nKAISA J\u00c4RVEL\u00c4, AAMULEHTI<\/p>\n<p>Taskisen esikoisteos T\u00e4ydellinen paisti voitti Helsingin Sanomien kirjallisuuspalkinnon vuonna 2011. Toinen romaani Katedraali ei kalpene esikoisteokselle. (&#8211;) Taskinen onnistuu kirjoittamaan teksti\u00e4, joka on koskettavan haikeaa ja humoristista samanaikaisesti.<br \/>\nNOORA LEHTIM\u00c4KI, TURUN SANOMAT<\/p>\n<p>Onko minun pakko lukea t\u00e4m\u00e4 kirja, kysyn, ja paiskaan sen y\u00f6p\u00f6yd\u00e4lle. Vain tarttuakseni hetken kuluttua kirjaan uudelleen. Satu Taskisen Katedraali on raivostuttava, koukuttava ja h\u00e4mment\u00e4v\u00e4 kertomus yhden perheen tragediasta. (&#8211;) palkitulle esikoiselle hieno jatkumo. Se on kirja, jonka pelkistetyimm\u00e4nkin kirjahyllyn omistaja haluaa s\u00e4ilytt\u00e4\u00e4 k\u00e4tens\u00e4 ulottuvilla, jotta siihen voi aika ajoin palata uudelleen.<br \/>\nKIRSTI VUORELA, L\u00c4NSI-SAVO<\/p>\n<p>Hitaasti, nauttien lukevalle Katedraali on omiaan.<br \/>\nKAISA NEIMALA, SUOMEN KUVALEHTI<\/p>\n<p>Taskinen maalaa taidokkaasti kuvaa kitkerist\u00e4 perhesuhteista ja valtapeleist\u00e4, joita sisarukset pelaavat.<br \/>\nMARTTA KAUKONEN, ILONA<\/p>\n<p>Sis\u00e4ist\u00e4 monologia peilaava tajunnanvirtatekniikka sek\u00e4 keskittyminen mieleen ja tunteisiin tekev\u00e4t Katedraalista modernin proosan loisteliaan perillisen.<br \/>\nHEIDI HEINONEN, KALEVA<\/p>\n<p>Blogaajan valinta. Taskinen on nero luomaan neuroottisia kertojia, ja h\u00e4nen ajatuksenjuoksunsa h\u00e4ik\u00e4isee.<br \/>\nKAROLIINA TIMONEN, ANNA<\/p>\n<p>Satu Taskinen on mainio! H\u00e4n tekee sanoille ja lauseille mit\u00e4 huvittaa, viskaa tiukat s\u00e4\u00e4nn\u00f6t avoimesta ikkunasta (&#8211;.) H\u00e4n laittaa v\u00e4rej\u00e4 sekoitusastiaan, ravistaa napakasti, kaataa seoksen hymyillen kankaalle, ja kas &#8211; lopputulos on erikoinen, erilainen ja raikas, mutta kaikin tavoin toimiva teos. (&#8211;) Taskinen tiet\u00e4\u00e4 mit\u00e4 tekee. H\u00e4n on rohkea ja ennakkoluuloton, mutta ennen kaikkea huikean taitava kirjailija, joka pit\u00e4\u00e4 langat t\u00e4ysin hallitusti k\u00e4siss\u00e4\u00e4n ensimm\u00e4iselt\u00e4 sivulta viimeiselle. (&#8211;) Huikeaa on se, miten yhden vuorokauden ja yhden ihmisen p\u00e4\u00e4n sis\u00e4ll\u00e4 tapahtuvasta harhailevasta monologista piirtyy kuva perheest\u00e4 ja sen j\u00e4senten v\u00e4lisist\u00e4 suhteista, j\u00e4nnitteist\u00e4 ja rooleista. Taskinen sukeltaa syv\u00e4lle henkisesti horjahtaneen ihmisen mieleen, ja tekee sen erinomaisesti.<br \/>\nP. S. RAKASTAN KIRJOJA -BLOGI<\/p>\n<p>Katedraali on monenlaisten ihmisel\u00e4m\u00e4ss\u00e4 turhien pyrint\u00f6jen symboli, ja minulle Katedraali on osoitus siit\u00e4, ett\u00e4 kaikkea oikeasti ei ole viel\u00e4 keksitty: kieli ja kirjallisuus pyrkiv\u00e4t uuteen. Taskinen n\u00e4ytt\u00e4\u00e4 suuntaa.<br \/>\nILSEL\u00c4 -BLOGI<\/p>\n<p>Harvoin saa lukea n\u00e4in koskettavaa ja rehellist\u00e4 kuvausta itsetuhoisesta ihmisest\u00e4, (&#8211;). Ahdistuksen takana on l\u00e4mmin sanoma jokaisen ihmisen t\u00e4rkeydest\u00e4 (&#8211;).<br \/>\nMARJAANA ROPONEN, H\u00c4MEEN SANOMAT<\/p>\n<p>Mellan raderna finns en civilisationskritisk varning f\u00f6r vart den rika v\u00e4rldens sl\u00f6seri kann leda oss. Samtidigt p\u00e5minner Satu Taskinens roman om att den mest besv\u00e4rliga och i sina egna \u00f6gon misslyckade individ har ett m\u00e4nniskov\u00e4rde. Det g\u00e4ller att ta hand om varandra medan tid \u00e4r.<br \/>\nMARIANNE BARGUM, HUVUDSTADSBLADET<\/p>\n","protected":false},"excerpt":{"rendered":"<p>Ihminen on katedraali. Sanottiin n\u00e4in. Jokainen ihminen on. Ihmisen ja Kerstininkin keho, Pyh\u00e4n Hengen katedraali. Perheen tytt\u00e4rell\u00e4 Kerstinill\u00e4 on ollut tuskallinen geneettinen sairaus, johon h\u00e4n lopulta kuolee vain 37-vuotiaana. Kerstinin kuolema ja hautajaiset johdattavat perheenj\u00e4senet perimm\u00e4isten kysymysten \u00e4\u00e4relle. Mik\u00e4 on ihmisen teht\u00e4v\u00e4 ja osa maailmassa ja el\u00e4m\u00e4ss\u00e4? Mit\u00e4 ihminen tekee ja mit\u00e4 h\u00e4nen pit\u00e4isi tai &hellip; <\/p>\n<p class=\"link-more\"><a href=\"https:\/\/www.satutaskinen.com\/de\/kirjat-buecher-books\/suomeksi\/katedraali\/\" class=\"more-link\"><span class=\"screen-reader-text\">\u201eKatedraali\u201c <\/span>weiterlesen<\/a><\/p>\n","protected":false},"author":2,"featured_media":0,"parent":71,"menu_order":2,"comment_status":"closed","ping_status":"closed","template":"","meta":{"footnotes":""},"class_list":["post-86","page","type-page","status-publish","hentry"],"_links":{"self":[{"href":"https:\/\/www.satutaskinen.com\/de\/wp-json\/wp\/v2\/pages\/86","targetHints":{"allow":["GET"]}}],"collection":[{"href":"https:\/\/www.satutaskinen.com\/de\/wp-json\/wp\/v2\/pages"}],"about":[{"href":"https:\/\/www.satutaskinen.com\/de\/wp-json\/wp\/v2\/types\/page"}],"author":[{"embeddable":true,"href":"https:\/\/www.satutaskinen.com\/de\/wp-json\/wp\/v2\/users\/2"}],"replies":[{"embeddable":true,"href":"https:\/\/www.satutaskinen.com\/de\/wp-json\/wp\/v2\/comments?post=86"}],"version-history":[{"count":8,"href":"https:\/\/www.satutaskinen.com\/de\/wp-json\/wp\/v2\/pages\/86\/revisions"}],"predecessor-version":[{"id":657,"href":"https:\/\/www.satutaskinen.com\/de\/wp-json\/wp\/v2\/pages\/86\/revisions\/657"}],"up":[{"embeddable":true,"href":"https:\/\/www.satutaskinen.com\/de\/wp-json\/wp\/v2\/pages\/71"}],"wp:attachment":[{"href":"https:\/\/www.satutaskinen.com\/de\/wp-json\/wp\/v2\/media?parent=86"}],"curies":[{"name":"wp","href":"https:\/\/api.w.org\/{rel}","templated":true}]}}