{"id":84,"date":"2018-01-19T19:36:06","date_gmt":"2018-01-19T18:36:06","guid":{"rendered":"http:\/\/www.satutaskinen.com\/de\/?page_id=84"},"modified":"2018-02-09T23:23:11","modified_gmt":"2018-02-09T22:23:11","slug":"taeydellinen-paisti","status":"publish","type":"page","link":"https:\/\/www.satutaskinen.com\/de\/kirjat-buecher-books\/suomeksi\/taeydellinen-paisti\/","title":{"rendered":"T\u00e4ydellinen paisti"},"content":{"rendered":"<p><em>T\u00e4t\u00e4 i\u00e4nikuista v\u00e4\u00e4rinymm\u00e4rryst\u00e4, v\u00e4\u00e4rin k\u00e4sityst\u00e4. Mit\u00e4 he tekisiv\u00e4t, jos se yht\u00e4kki\u00e4 loppuisi? Antaisivat minunkin &#8222;rakastaa\u201d\u00a0heit\u00e4. Tai jotain sellaista muuta vastaavaa, mit\u00e4 perheiss\u00e4 tehtiin, vaikka ei se silt\u00e4 kyll\u00e4 n\u00e4ytt\u00e4nyt t\u00e4\u00e4ll\u00e4k\u00e4\u00e4n.<\/em><\/p>\n<p><img loading=\"lazy\" decoding=\"async\" class=\"alignnone wp-image-77 size-medium\" src=\"https:\/\/www.satutaskinen.com\/de\/wp-content\/uploads\/2018\/01\/taeydellinen_paisti-180x300.jpg\" alt=\"T\u00e4ydellinen paisti Cover\" width=\"180\" height=\"300\" srcset=\"https:\/\/www.satutaskinen.com\/de\/wp-content\/uploads\/2018\/01\/taeydellinen_paisti-180x300.jpg 180w, https:\/\/www.satutaskinen.com\/de\/wp-content\/uploads\/2018\/01\/taeydellinen_paisti.jpg 258w\" sizes=\"auto, (max-width: 180px) 100vw, 180px\" \/><\/p>\n<p>Taru Korhonen valmistaa sianpaistia wienil\u00e4isess\u00e4 keitti\u00f6ss\u00e4\u00e4n. Asia on melko t\u00e4rke\u00e4, sill\u00e4 h\u00e4nen miehens\u00e4 \u00e4iti ja sisko ovat tulossa yhdelt\u00e4 sy\u00f6m\u00e4\u00e4n ja mik\u00e4li mik\u00e4\u00e4n ei ole muuttunut aikaisemmasta, he olisivat ajoissa ja vaatisivat heti p\u00f6ty\u00e4 p\u00f6yt\u00e4\u00e4n. My\u00f6s naapurin rouva, el\u00e4kkeell\u00e4 oleva n\u00e4yttelij\u00e4t\u00e4r Frau Berger, joutuu enemm\u00e4n tai v\u00e4hemm\u00e4n vapaaehtoisesti kokemaan sianpaiston vaikeudet, kun Tarun valitsemassa reseptiss\u00e4 ilmenee moniselitteisi\u00e4 ja ep\u00e4selvi\u00e4 kohtia. Suurten ponnistusten ja pienten vastoink\u00e4ymisten lomassa kaikki vaikuttaa etenev\u00e4n aivan hyvin, ja Taru toivoo vain yht\u00e4: &#8222;Ei en\u00e4\u00e4 minusta riippumattomia yll\u00e4tyksi\u00e4.&#8220;<\/p>\n<p>Mutta niit\u00e4 tulee. Miehen siskontytt\u00f6, 15-vuotias kukkea ja poliittisesti valveutunut Elisabeth ilmestyy paikalle h\u00e4nkin. Frau Berger sy\u00f6 sikaa, vaikka on juutalainen. Miehen \u00e4iti ja sisko Marie-Luisa tekev\u00e4t kaiken v\u00e4\u00e4rin. Eik\u00e4 liitto It\u00e4valtalaisen kanssa vaikuta sinet\u00f6idylt\u00e4 sek\u00e4\u00e4n. Kuinka kaikki voikin jatkuvasti olla toisin, vaikka mik\u00e4\u00e4n ei loputtomasta yrityksest\u00e4 huolimatta kuitenkaan muutu?<\/p>\n<p>T\u00e4ydellinen paisti on loistelias romaani ulkopuolisuudesta; halusta, pakosta tai mahdottomuudesta kuulua joukkoon. Se kertoo yrityksest\u00e4 tehd\u00e4 oikein tai yrityksest\u00e4 yksinkertaisesti selvit\u00e4 hengiss\u00e4 seuraavaan hetkeen. \/ TEOS<\/p>\n<p>T\u00e4ydellinen paisti -romaanista kirjoitettua:<\/p>\n<p>P\u00e4iv\u00e4n hyv\u00e4 uutinen on Satu Taskisen voitto Helsingin Sanomien esikoiskirjakilpailussa. T\u00e4ydellinen paisti oli alusta l\u00e4htien my\u00f6s Finlandia-raadin mieleen. (&#8211;). Taskinen n\u00e4kee it\u00e4valtalais-suomalaisen avoperheen pyh\u00e4inp\u00e4iv\u00e4aterian valmistelussa kulttuurierojen taistelukent\u00e4n ja osaa todella ottaa siit\u00e4 kaiken irti. En lakkaa ihmettelem\u00e4st\u00e4 sit\u00e4 taitoa ja vaistoa, jolla h\u00e4n kohdistaa lukijan huomion kuhunkin romaaninsa henkil\u00f6\u00f6n, my\u00f6s hieman salaper\u00e4iseen ja ulkopuoliseen naapuriin, juutalaissyntyiseen rouva Bergeriin &#8211; h\u00e4n edustaa t\u00e4ss\u00e4 hienossa eurooppalaisessa romaanissa toiseutta, jonka osana on j\u00e4lleen kerran j\u00e4\u00e4d\u00e4 ulkopuolelle ja murtua.<br \/>\nHANNU MARTTILA, HELSINGIN SANOMAT<\/p>\n<p>Satu Taskisen T\u00e4ydellinen paisti on h\u00e4tk\u00e4hdytt\u00e4v\u00e4 esikoisromaani. Se on niit\u00e4 kirjoja, joista j\u00e4\u00e4 ikuinen muistij\u00e4lki. (&#8211;) T\u00e4ydellisen paistin \u00e4\u00e4rell\u00e4 saa nauraa vedet silmiss\u00e4.<br \/>\nHELENA MIETTINEN, KESKISUOMALAINEN<\/p>\n<p>(&#8211;) oivaltavaa pohdintaa ja tragikoomisia hahmoja.<br \/>\nHELI KESKINEN, AAMULEHTI<\/p>\n<p>Pitk\u00e4st\u00e4 aikaa olen n\u00e4in hidastellut kirjan kanssa vain pitkitt\u00e4\u00e4kseni nautintoa. (&#8211;) Satu Taskisen romaanissa kaikuu my\u00f6s eurooppalainen vieraantuneisuus Franz Kafkan tapaan (&#8211;). Taskinen on paistanut erinomaisen maistuvan ja omaper\u00e4isesti maustetun herkkupaistin kirjallisille kulinaristeille.<br \/>\nHEIDI LAKKALA, LAPIN KANSA<\/p>\n<p>Henkil\u00f6hahmot ovat herkullisia. (&#8211;) Romaani kuvaa vierauden tunnetta, joka kumpuaa jostain syvemm\u00e4lt\u00e4 kuin ulkomailla asumisesta.<br \/>\nSALLA SIMUKKA, SUOMEN KUVALEHTI<\/p>\n<p>Teoksessa vilahtelee my\u00f6s kitker\u00e4nhauskoja huomioita sek\u00e4 it\u00e4valtalaisuudesta ett\u00e4 suomalaisuudesta. Paikoin suomalaisuus on kuin myyttinen myyntipuhe, joka koostuu formulasankareista, \u00e4lypuhelimista, Pisa-tuloksista ja ylivertaisesta julkisesta sektorista. (&#8211;) Lopulta on vaikea sanoa, mik\u00e4 aiheuttaa Tarun r\u00e4ike\u00e4n\u00e4 loistavan ulkopuolisuuden, h\u00e4n itse vai muut.<br \/>\nELINA SYRJ\u00c4NEN, ETEL\u00c4-SAIMAA<\/p>\n<p>Kirja alkaa hauskana satiirina ja iskee heti naisellisuuden ytimeen, jossa parhaimmillaan t\u00e4ydellisen kontrollin tarve kohtaa fyysisen k\u00f6mpelyyden. (&#8211;) Lihakimpaleen vertautuminen Tarun kohtaloon toimii hyvin, sill\u00e4 molemmat aiheuttavat melkoisesti ongelmia niin raakoina kuin kypsin\u00e4kin.<br \/>\nMARI VIERTOLA, TURUN SANOMAT<\/p>\n<p>Taskinens person- och relationsbeskrivningar \u00e4r oerh\u00f6rt tr\u00e4ffs\u00e4kra (&#8211;). Romanen \u00e4r intensiv och ofta \u00e4r ber\u00e4ttandet s\u00e5 levande att det k\u00e4nns som om man sj\u00e4lv satt med vid bordet. \u00a0 \u00a0 \u00a0 \u00a0 \u00a0 \u00a0 \u00a0 \u00a0 \u00a0 \u00a0 \u00a0 \u00a0 \u00a0 \u00a0 \u00a0 \u00a0 \u00a0 \u00a0 \u00a0 \u00a0 \u00a0 \u00a0 \u00a0 \u00a0 \u00a0 \u00a0 \u00a0 \u00a0 \u00a0 \u00a0 \u00a0 ANNA VON BONSDORFF, NY TID<\/p>\n<p>T\u00e4ydellinen paisti on romaani ulkopuolisuudesta, mutta yht\u00e4lailla se on romaani siit\u00e4, millaista on olla nykyaikainen ihminen, joka el\u00e4\u00e4 hyvin pitk\u00e4lti itsetarkkailun kautta. (&#8211;) sanan parhaimmassa mieless\u00e4 arkinen romaani. Se ei ole pelk\u00e4st\u00e4\u00e4n hyvin kirjoitettu, se on my\u00f6s hyvin hauska, neuroosien juhla.<br \/>\nANTTI MAJANDER JA HS-RAATI<\/p>\n<p>Taskinen on onnistunut mainiolla tavalla vet\u00e4m\u00e4\u00e4n yht\u00e4l\u00e4isyysmerkkej\u00e4 sinne, miss\u00e4 harva niit\u00e4 n\u00e4kee. (&#8211;) Omaper\u00e4isyydess\u00e4\u00e4n ja oivaltavuudessaan T\u00e4ydellinen paisti on ehdoton helmi syksyn esikoisteosten joukossa.<br \/>\nHEIDI HEINONEN, KALEVA<\/p>\n<p>Suomalaisnainen haluaa j\u00e4rjest\u00e4\u00e4 it\u00e4valtalaispuolisonsa perheelle ikimuistettavan ihanat pyh\u00e4inp\u00e4iv\u00e4juhlat. T\u00e4rkeint\u00e4 on onnistua valmistamaan t\u00e4ydellinen paisti. (&#8211;) T\u00e4st\u00e4 l\u00e4ht\u00f6kohdasta syntyy riemastuttava kertomus yhdest\u00e4 p\u00e4iv\u00e4st\u00e4, ulkopuolisuuden tunteesta ja ihmisten kohtaamattomuudesta. (&#8211;) Kirja on tikahduttavan hauska, mutta silti h\u00e4mment\u00e4v\u00e4n surumielinen.<br \/>\nANNAMARI SAURE, ME NAISET<\/p>\n","protected":false},"excerpt":{"rendered":"<p>T\u00e4t\u00e4 i\u00e4nikuista v\u00e4\u00e4rinymm\u00e4rryst\u00e4, v\u00e4\u00e4rin k\u00e4sityst\u00e4. Mit\u00e4 he tekisiv\u00e4t, jos se yht\u00e4kki\u00e4 loppuisi? Antaisivat minunkin &#8222;rakastaa\u201d\u00a0heit\u00e4. Tai jotain sellaista muuta vastaavaa, mit\u00e4 perheiss\u00e4 tehtiin, vaikka ei se silt\u00e4 kyll\u00e4 n\u00e4ytt\u00e4nyt t\u00e4\u00e4ll\u00e4k\u00e4\u00e4n. Taru Korhonen valmistaa sianpaistia wienil\u00e4isess\u00e4 keitti\u00f6ss\u00e4\u00e4n. Asia on melko t\u00e4rke\u00e4, sill\u00e4 h\u00e4nen miehens\u00e4 \u00e4iti ja sisko ovat tulossa yhdelt\u00e4 sy\u00f6m\u00e4\u00e4n ja mik\u00e4li mik\u00e4\u00e4n ei ole &hellip; <\/p>\n<p class=\"link-more\"><a href=\"https:\/\/www.satutaskinen.com\/de\/kirjat-buecher-books\/suomeksi\/taeydellinen-paisti\/\" class=\"more-link\"><span class=\"screen-reader-text\">\u201eT\u00e4ydellinen paisti\u201c <\/span>weiterlesen<\/a><\/p>\n","protected":false},"author":2,"featured_media":0,"parent":71,"menu_order":1,"comment_status":"closed","ping_status":"closed","template":"","meta":{"footnotes":""},"class_list":["post-84","page","type-page","status-publish","hentry"],"_links":{"self":[{"href":"https:\/\/www.satutaskinen.com\/de\/wp-json\/wp\/v2\/pages\/84","targetHints":{"allow":["GET"]}}],"collection":[{"href":"https:\/\/www.satutaskinen.com\/de\/wp-json\/wp\/v2\/pages"}],"about":[{"href":"https:\/\/www.satutaskinen.com\/de\/wp-json\/wp\/v2\/types\/page"}],"author":[{"embeddable":true,"href":"https:\/\/www.satutaskinen.com\/de\/wp-json\/wp\/v2\/users\/2"}],"replies":[{"embeddable":true,"href":"https:\/\/www.satutaskinen.com\/de\/wp-json\/wp\/v2\/comments?post=84"}],"version-history":[{"count":18,"href":"https:\/\/www.satutaskinen.com\/de\/wp-json\/wp\/v2\/pages\/84\/revisions"}],"predecessor-version":[{"id":307,"href":"https:\/\/www.satutaskinen.com\/de\/wp-json\/wp\/v2\/pages\/84\/revisions\/307"}],"up":[{"embeddable":true,"href":"https:\/\/www.satutaskinen.com\/de\/wp-json\/wp\/v2\/pages\/71"}],"wp:attachment":[{"href":"https:\/\/www.satutaskinen.com\/de\/wp-json\/wp\/v2\/media?parent=84"}],"curies":[{"name":"wp","href":"https:\/\/api.w.org\/{rel}","templated":true}]}}