{"id":75,"date":"2018-01-19T19:25:41","date_gmt":"2018-01-19T18:25:41","guid":{"rendered":"http:\/\/www.satutaskinen.com\/de\/?page_id=75"},"modified":"2023-04-19T11:42:35","modified_gmt":"2023-04-19T09:42:35","slug":"english","status":"publish","type":"page","link":"https:\/\/www.satutaskinen.com\/de\/kirjat-buecher-books\/english\/","title":{"rendered":"English Samples"},"content":{"rendered":"<p>NOVELTRILOGY (Johari-Trilogy):<\/p>\n<p><strong><span style=\"color: #ff6600;\"><a style=\"color: #ff6600;\" href=\"https:\/\/www.satutaskinen.com\/de\/kirjat-buecher-books\/english\/children\/\">LAPSET<\/a><\/span> (Children), novel, Teos 2017<\/strong><\/p>\n<p><strong><span style=\"color: #800080;\"><a style=\"color: #800080;\" href=\"https:\/\/www.satutaskinen.com\/de\/kirjat-buecher-books\/english\/the-cathedral\/\">KATEDRAALI<\/a><\/span> (The Cathedral), novel, Teos 2014<\/strong><\/p>\n<p><strong><span style=\"color: #993300;\"><a style=\"color: #993300;\" href=\"https:\/\/www.satutaskinen.com\/de\/kirjat-buecher-books\/english\/the-perfect-roast\/\">T\u00c4YDELLINEN PAISTI<\/a><\/span> (The Perfect Roast), novel, Teos 2011<\/strong><\/p>\n<p>For English samples please contact Urpu Strellman in Helsinki Literary Agency. You will find the address in <a href=\"https:\/\/www.satutaskinen.com\/de\/contact\/\">Contact<\/a>.<\/p>\n<p>COLLECTIONS:<\/p>\n<p><strong>EUROP\u00c4ISCHES FESTIVAL DES DEB\u00dcTROMANS 2012<br \/>\n<\/strong>Autoren &#8211; <a href=\"https:\/\/www.satutaskinen.com\/de\/wp-content\/uploads\/2018\/10\/Kiel-kaikki-kielet-Paisti.pdf\">Texte<\/a> &#8211; Programm<strong><br \/>\n<\/strong>Herausgeber: Literaturhaus Schleswig-Holstein, Institut Fran\u00e7ais \/ Centre Culturel Fran\u00e7ais de Kiel 2012<\/p>\n<p>&nbsp;<\/p>\n","protected":false},"excerpt":{"rendered":"<p>NOVELTRILOGY (Johari-Trilogy): LAPSET (Children), novel, Teos 2017 KATEDRAALI (The Cathedral), novel, Teos 2014 T\u00c4YDELLINEN PAISTI (The Perfect Roast), novel, Teos 2011 For English samples please contact Urpu Strellman in Helsinki Literary Agency. You will find the address in Contact. COLLECTIONS: EUROP\u00c4ISCHES FESTIVAL DES DEB\u00dcTROMANS 2012 Autoren &#8211; Texte &#8211; Programm Herausgeber: Literaturhaus Schleswig-Holstein, Institut Fran\u00e7ais &hellip; <\/p>\n<p class=\"link-more\"><a href=\"https:\/\/www.satutaskinen.com\/de\/kirjat-buecher-books\/english\/\" class=\"more-link\"><span class=\"screen-reader-text\">\u201eEnglish Samples\u201c <\/span>weiterlesen<\/a><\/p>\n","protected":false},"author":2,"featured_media":0,"parent":66,"menu_order":3,"comment_status":"closed","ping_status":"closed","template":"","meta":{"footnotes":""},"class_list":["post-75","page","type-page","status-publish","hentry"],"_links":{"self":[{"href":"https:\/\/www.satutaskinen.com\/de\/wp-json\/wp\/v2\/pages\/75","targetHints":{"allow":["GET"]}}],"collection":[{"href":"https:\/\/www.satutaskinen.com\/de\/wp-json\/wp\/v2\/pages"}],"about":[{"href":"https:\/\/www.satutaskinen.com\/de\/wp-json\/wp\/v2\/types\/page"}],"author":[{"embeddable":true,"href":"https:\/\/www.satutaskinen.com\/de\/wp-json\/wp\/v2\/users\/2"}],"replies":[{"embeddable":true,"href":"https:\/\/www.satutaskinen.com\/de\/wp-json\/wp\/v2\/comments?post=75"}],"version-history":[{"count":17,"href":"https:\/\/www.satutaskinen.com\/de\/wp-json\/wp\/v2\/pages\/75\/revisions"}],"predecessor-version":[{"id":1625,"href":"https:\/\/www.satutaskinen.com\/de\/wp-json\/wp\/v2\/pages\/75\/revisions\/1625"}],"up":[{"embeddable":true,"href":"https:\/\/www.satutaskinen.com\/de\/wp-json\/wp\/v2\/pages\/66"}],"wp:attachment":[{"href":"https:\/\/www.satutaskinen.com\/de\/wp-json\/wp\/v2\/media?parent=75"}],"curies":[{"name":"wp","href":"https:\/\/api.w.org\/{rel}","templated":true}]}}