{"id":73,"date":"2018-01-19T19:24:39","date_gmt":"2018-01-19T18:24:39","guid":{"rendered":"http:\/\/www.satutaskinen.com\/de\/?page_id=73"},"modified":"2023-05-17T15:26:42","modified_gmt":"2023-05-17T13:26:42","slug":"deutsch","status":"publish","type":"page","link":"https:\/\/www.satutaskinen.com\/de\/kirjat-buecher-books\/deutsch\/","title":{"rendered":"Deutsch"},"content":{"rendered":"\n<h2 class=\"wp-block-heading\">ROMANTRILOGIE (Johari-Trilogie):<\/h2>\n\n\n\n<div class=\"wp-block-media-text alignwide is-stacked-on-mobile\" style=\"grid-template-columns:20% auto\"><figure class=\"wp-block-media-text__media\"><img loading=\"lazy\" decoding=\"async\" width=\"687\" height=\"1024\" src=\"https:\/\/www.satutaskinen.com\/de\/wp-content\/uploads\/2018\/01\/lapset_cover-687x1024.png\" alt=\"Roman Kinder Cover\" class=\"wp-image-48 size-full\"\/><\/figure><div class=\"wp-block-media-text__content\">\n<h4 class=\"wp-block-heading\"><strong><a href=\"https:\/\/www.satutaskinen.com\/de\/kirjat-buecher-books\/deutsch\/kinder\/\"><span style=\"color: #ff6600;\">KINDER<\/span><\/a><\/strong>, \u00fcbersetzt von Regine Pirschel, Residenz Verlag 2018<\/h4>\n<\/div><\/div>\n\n\n\n<div class=\"wp-block-media-text alignwide is-stacked-on-mobile\" style=\"grid-template-columns:20% auto\"><figure class=\"wp-block-media-text__media\"><img loading=\"lazy\" decoding=\"async\" width=\"658\" height=\"1024\" src=\"https:\/\/www.satutaskinen.com\/de\/wp-content\/uploads\/2023\/05\/cover_deutsch2_Die_Kathedrale-658x1024.jpg\" alt=\"\" class=\"wp-image-1683 size-full\" srcset=\"https:\/\/www.satutaskinen.com\/de\/wp-content\/uploads\/2023\/05\/cover_deutsch2_Die_Kathedrale-658x1024.jpg 658w, https:\/\/www.satutaskinen.com\/de\/wp-content\/uploads\/2023\/05\/cover_deutsch2_Die_Kathedrale-193x300.jpg 193w, https:\/\/www.satutaskinen.com\/de\/wp-content\/uploads\/2023\/05\/cover_deutsch2_Die_Kathedrale-768x1195.jpg 768w, https:\/\/www.satutaskinen.com\/de\/wp-content\/uploads\/2023\/05\/cover_deutsch2_Die_Kathedrale-987x1536.jpg 987w, https:\/\/www.satutaskinen.com\/de\/wp-content\/uploads\/2023\/05\/cover_deutsch2_Die_Kathedrale-1316x2048.jpg 1316w, https:\/\/www.satutaskinen.com\/de\/wp-content\/uploads\/2023\/05\/cover_deutsch2_Die_Kathedrale.jpg 1594w\" sizes=\"auto, (max-width: 658px) 100vw, 658px\" \/><\/figure><div class=\"wp-block-media-text__content\">\n<h4 class=\"wp-block-heading\"><strong><span style=\"color: #993366;\"><a style=\"color: #993366;\" href=\"https:\/\/www.satutaskinen.com\/de\/kirjat-buecher-books\/deutsch\/die-kathedrale\/\"><span style=\"color: #333399;\">DIE KATHEDRALE<\/span><\/a><\/span><\/strong><span style=\"color: #000000;\">, \u00fcbersetzt von Regine Pirschel, Residenz Verlag 2015<\/span><\/h4>\n<\/div><\/div>\n\n\n\n<div class=\"wp-block-media-text alignwide is-stacked-on-mobile\" style=\"grid-template-columns:20% auto\"><figure class=\"wp-block-media-text__media\"><img loading=\"lazy\" decoding=\"async\" width=\"661\" height=\"1024\" src=\"https:\/\/www.satutaskinen.com\/de\/wp-content\/uploads\/2023\/05\/cover_deutsch1_Schweinsbraten-661x1024.jpg\" alt=\"\" class=\"wp-image-1685 size-full\" srcset=\"https:\/\/www.satutaskinen.com\/de\/wp-content\/uploads\/2023\/05\/cover_deutsch1_Schweinsbraten-661x1024.jpg 661w, https:\/\/www.satutaskinen.com\/de\/wp-content\/uploads\/2023\/05\/cover_deutsch1_Schweinsbraten-194x300.jpg 194w, https:\/\/www.satutaskinen.com\/de\/wp-content\/uploads\/2023\/05\/cover_deutsch1_Schweinsbraten-768x1190.jpg 768w, https:\/\/www.satutaskinen.com\/de\/wp-content\/uploads\/2023\/05\/cover_deutsch1_Schweinsbraten-991x1536.jpg 991w, https:\/\/www.satutaskinen.com\/de\/wp-content\/uploads\/2023\/05\/cover_deutsch1_Schweinsbraten-1322x2048.jpg 1322w, https:\/\/www.satutaskinen.com\/de\/wp-content\/uploads\/2023\/05\/cover_deutsch1_Schweinsbraten-scaled.jpg 1652w\" sizes=\"auto, (max-width: 661px) 100vw, 661px\" \/><\/figure><div class=\"wp-block-media-text__content\">\n<h4 class=\"wp-block-heading\"><strong><span style=\"color: #800000;\"><a style=\"color: #800000;\" href=\"https:\/\/www.satutaskinen.com\/de\/kirjat-buecher-books\/deutsch\/der-perfekte-schweinsbraten\/\">DER PERFEKTE SCHWEINSBRATEN<\/a><\/span><\/strong>, \u00fcbersetzt von Regine Pirschel, Transit Verlag 2013<\/h4>\n<\/div><\/div>\n\n\n\n<h2 class=\"wp-block-heading\">SAMMLUNGEN:<\/h2>\n\n\n\n<p><strong>NEUE RUNDSCHAU. POETISCHE ORNITHOLOGIE<\/strong><br>Herausgegeben von Teresa Pr\u00e4auer. 128. Jahrgang Heft 1, S. Fischer Verlag 2017<\/p>\n\n\n\n<p><strong>KOMPOSITIO. NEUE FINNISCHE LITERATUR<\/strong><br>Herausgegeben von Kaisa Kaakinen 2014<\/p>\n\n\n\n<p><a href=\"https:\/\/www.lettretage.de\/schriftproben\/\"><strong>SCHRIFTPROBEN<\/strong><\/a><br>Deutsch-nordische Prosa-Positionen<br>Herausgegeben von Moritz Malsch und Susan Bindermann. Verlag Lettr\u00e9rtage 2013<\/p>\n\n\n\n<p><strong>EUROP\u00c4ISCHES FESTIVAL DES DEB\u00dcTROMANS 2012<\/strong><br>Autoren &#8211; <a href=\"https:\/\/www.satutaskinen.com\/de\/wp-content\/uploads\/2018\/10\/Kiel-kaikki-kielet-Paisti.pdf\">Texte<\/a> &#8211; Programm<br>Herausgeber: Literaturhaus Schleswig-Holstein, Institut Fran\u00e7ais \/ Centre Culturel Fran\u00e7ais de Kiel 2012<\/p>\n","protected":false},"excerpt":{"rendered":"<p>ROMANTRILOGIE (Johari-Trilogie): KINDER, \u00fcbersetzt von Regine Pirschel, Residenz Verlag 2018 DIE KATHEDRALE, \u00fcbersetzt von Regine Pirschel, Residenz Verlag 2015 DER PERFEKTE SCHWEINSBRATEN, \u00fcbersetzt von Regine Pirschel, Transit Verlag 2013 SAMMLUNGEN: NEUE RUNDSCHAU. POETISCHE ORNITHOLOGIEHerausgegeben von Teresa Pr\u00e4auer. 128. Jahrgang Heft 1, S. Fischer Verlag 2017 KOMPOSITIO. NEUE FINNISCHE LITERATURHerausgegeben von Kaisa Kaakinen 2014 SCHRIFTPROBENDeutsch-nordische Prosa-PositionenHerausgegeben &hellip; <\/p>\n<p class=\"link-more\"><a href=\"https:\/\/www.satutaskinen.com\/de\/kirjat-buecher-books\/deutsch\/\" class=\"more-link\"><span class=\"screen-reader-text\">\u201eDeutsch\u201c <\/span>weiterlesen<\/a><\/p>\n","protected":false},"author":2,"featured_media":0,"parent":66,"menu_order":2,"comment_status":"closed","ping_status":"closed","template":"","meta":{"footnotes":""},"class_list":["post-73","page","type-page","status-publish","hentry"],"_links":{"self":[{"href":"https:\/\/www.satutaskinen.com\/de\/wp-json\/wp\/v2\/pages\/73","targetHints":{"allow":["GET"]}}],"collection":[{"href":"https:\/\/www.satutaskinen.com\/de\/wp-json\/wp\/v2\/pages"}],"about":[{"href":"https:\/\/www.satutaskinen.com\/de\/wp-json\/wp\/v2\/types\/page"}],"author":[{"embeddable":true,"href":"https:\/\/www.satutaskinen.com\/de\/wp-json\/wp\/v2\/users\/2"}],"replies":[{"embeddable":true,"href":"https:\/\/www.satutaskinen.com\/de\/wp-json\/wp\/v2\/comments?post=73"}],"version-history":[{"count":49,"href":"https:\/\/www.satutaskinen.com\/de\/wp-json\/wp\/v2\/pages\/73\/revisions"}],"predecessor-version":[{"id":1687,"href":"https:\/\/www.satutaskinen.com\/de\/wp-json\/wp\/v2\/pages\/73\/revisions\/1687"}],"up":[{"embeddable":true,"href":"https:\/\/www.satutaskinen.com\/de\/wp-json\/wp\/v2\/pages\/66"}],"wp:attachment":[{"href":"https:\/\/www.satutaskinen.com\/de\/wp-json\/wp\/v2\/media?parent=73"}],"curies":[{"name":"wp","href":"https:\/\/api.w.org\/{rel}","templated":true}]}}