{"id":71,"date":"2018-01-19T19:24:15","date_gmt":"2018-01-19T18:24:15","guid":{"rendered":"http:\/\/www.satutaskinen.com\/de\/?page_id=71"},"modified":"2026-01-29T16:12:10","modified_gmt":"2026-01-29T15:12:10","slug":"suomeksi","status":"publish","type":"page","link":"https:\/\/www.satutaskinen.com\/de\/kirjat-buecher-books\/suomeksi\/","title":{"rendered":"Suomeksi"},"content":{"rendered":"\n<div class=\"wp-block-media-text alignwide is-stacked-on-mobile\" style=\"grid-template-columns:20% auto\"><figure class=\"wp-block-media-text__media\"><img loading=\"lazy\" decoding=\"async\" width=\"711\" height=\"1024\" src=\"https:\/\/www.satutaskinen.com\/de\/wp-content\/uploads\/2026\/01\/rakastan_vierasta_satu_taskinen-711x1024.jpg\" alt=\"Kirjan Rakastan vierasta kansi, kirjoittanut Satu Taskienen\" class=\"wp-image-1752 size-full\" srcset=\"https:\/\/www.satutaskinen.com\/de\/wp-content\/uploads\/2026\/01\/rakastan_vierasta_satu_taskinen-711x1024.jpg 711w, https:\/\/www.satutaskinen.com\/de\/wp-content\/uploads\/2026\/01\/rakastan_vierasta_satu_taskinen-208x300.jpg 208w, https:\/\/www.satutaskinen.com\/de\/wp-content\/uploads\/2026\/01\/rakastan_vierasta_satu_taskinen-768x1106.jpg 768w, https:\/\/www.satutaskinen.com\/de\/wp-content\/uploads\/2026\/01\/rakastan_vierasta_satu_taskinen-1067x1536.jpg 1067w, https:\/\/www.satutaskinen.com\/de\/wp-content\/uploads\/2026\/01\/rakastan_vierasta_satu_taskinen-1423x2048.jpg 1423w, https:\/\/www.satutaskinen.com\/de\/wp-content\/uploads\/2026\/01\/rakastan_vierasta_satu_taskinen.jpg 1772w\" sizes=\"auto, (max-width: 711px) 100vw, 711px\" \/><\/figure><div class=\"wp-block-media-text__content\">\n<div style=\"height:15px\" aria-hidden=\"true\" class=\"wp-block-spacer\"><\/div>\n\n\n\n<h4 class=\"wp-block-heading\"><a href=\"https:\/\/www.satutaskinen.com\/de\/kirjat-buecher-books\/suomeksi\/rakastan-vierasta\/\" data-type=\"page\" data-id=\"1751\">RAKASTAN VIERASTA, TEOS 2026<\/a><\/h4>\n\n\n\n<div style=\"height:15px\" aria-hidden=\"true\" class=\"wp-block-spacer\"><\/div>\n<\/div><\/div>\n\n\n\n<div class=\"wp-block-media-text alignwide is-stacked-on-mobile\" style=\"grid-template-columns:20% auto\"><figure class=\"wp-block-media-text__media\"><img loading=\"lazy\" decoding=\"async\" width=\"643\" height=\"1024\" src=\"https:\/\/www.satutaskinen.com\/de\/wp-content\/uploads\/2023\/03\/Taskinen_Luomistyo_etukansi-643x1024.jpg\" alt=\"Taskinen Luomistyo etukansi\" class=\"wp-image-1564 size-full\" srcset=\"https:\/\/www.satutaskinen.com\/de\/wp-content\/uploads\/2023\/03\/Taskinen_Luomistyo_etukansi-643x1024.jpg 643w, https:\/\/www.satutaskinen.com\/de\/wp-content\/uploads\/2023\/03\/Taskinen_Luomistyo_etukansi-188x300.jpg 188w, https:\/\/www.satutaskinen.com\/de\/wp-content\/uploads\/2023\/03\/Taskinen_Luomistyo_etukansi-768x1223.jpg 768w, https:\/\/www.satutaskinen.com\/de\/wp-content\/uploads\/2023\/03\/Taskinen_Luomistyo_etukansi-965x1536.jpg 965w, https:\/\/www.satutaskinen.com\/de\/wp-content\/uploads\/2023\/03\/Taskinen_Luomistyo_etukansi.jpg 1286w\" sizes=\"auto, (max-width: 643px) 100vw, 643px\" \/><\/figure><div class=\"wp-block-media-text__content\">\n<div style=\"height:15px\" aria-hidden=\"true\" class=\"wp-block-spacer\"><\/div>\n\n\n\n<h4 class=\"wp-block-heading\"><a href=\"https:\/\/www.satutaskinen.com\/de\/kirjat-buecher-books\/suomeksi\/luomistyoe\/\" data-type=\"page\" data-id=\"1562\">LUOMISTY\u00d6, TEOS 2023<\/a><\/h4>\n\n\n\n<div style=\"height:15px\" aria-hidden=\"true\" class=\"wp-block-spacer\"><\/div>\n<\/div><\/div>\n\n\n\n<h2 class=\"wp-block-heading\">Romaanitrilogia (Johari-trilogia)<\/h2>\n\n\n\n<div class=\"wp-block-media-text alignwide is-stacked-on-mobile\" style=\"grid-template-columns:20% auto\"><figure class=\"wp-block-media-text__media\"><img loading=\"lazy\" decoding=\"async\" width=\"687\" height=\"1024\" src=\"https:\/\/www.satutaskinen.com\/de\/wp-content\/uploads\/2023\/05\/695-1-Taskinen-Lapset-etukansi-687x1024.jpg\" alt=\"\" class=\"wp-image-1677 size-full\" srcset=\"https:\/\/www.satutaskinen.com\/de\/wp-content\/uploads\/2023\/05\/695-1-Taskinen-Lapset-etukansi-687x1024.jpg 687w, https:\/\/www.satutaskinen.com\/de\/wp-content\/uploads\/2023\/05\/695-1-Taskinen-Lapset-etukansi-201x300.jpg 201w, https:\/\/www.satutaskinen.com\/de\/wp-content\/uploads\/2023\/05\/695-1-Taskinen-Lapset-etukansi-768x1145.jpg 768w, https:\/\/www.satutaskinen.com\/de\/wp-content\/uploads\/2023\/05\/695-1-Taskinen-Lapset-etukansi-1031x1536.jpg 1031w, https:\/\/www.satutaskinen.com\/de\/wp-content\/uploads\/2023\/05\/695-1-Taskinen-Lapset-etukansi.jpg 1342w\" sizes=\"auto, (max-width: 687px) 100vw, 687px\" \/><\/figure><div class=\"wp-block-media-text__content\">\n<div style=\"height:15px\" aria-hidden=\"true\" class=\"wp-block-spacer\"><\/div>\n\n\n\n<h4 class=\"wp-block-heading\"><a href=\"https:\/\/www.satutaskinen.com\/de\/kirjat-buecher-books\/suomeksi\/lapset\/\" data-type=\"page\" data-id=\"88\">LAPSET, TEOS 2017<\/a><\/h4>\n\n\n\n<div style=\"height:15px\" aria-hidden=\"true\" class=\"wp-block-spacer\"><\/div>\n<\/div><\/div>\n\n\n\n<div class=\"wp-block-media-text alignwide is-stacked-on-mobile\" style=\"grid-template-columns:20% auto\"><figure class=\"wp-block-media-text__media\"><img loading=\"lazy\" decoding=\"async\" width=\"615\" height=\"1024\" src=\"https:\/\/www.satutaskinen.com\/de\/wp-content\/uploads\/2023\/05\/s14-taskinen-katedraali-615x1024.jpg\" alt=\"\" class=\"wp-image-1678 size-full\" srcset=\"https:\/\/www.satutaskinen.com\/de\/wp-content\/uploads\/2023\/05\/s14-taskinen-katedraali-615x1024.jpg 615w, https:\/\/www.satutaskinen.com\/de\/wp-content\/uploads\/2023\/05\/s14-taskinen-katedraali-180x300.jpg 180w, https:\/\/www.satutaskinen.com\/de\/wp-content\/uploads\/2023\/05\/s14-taskinen-katedraali-768x1280.jpg 768w, https:\/\/www.satutaskinen.com\/de\/wp-content\/uploads\/2023\/05\/s14-taskinen-katedraali-922x1536.jpg 922w, https:\/\/www.satutaskinen.com\/de\/wp-content\/uploads\/2023\/05\/s14-taskinen-katedraali.jpg 1229w\" sizes=\"auto, (max-width: 615px) 100vw, 615px\" \/><\/figure><div class=\"wp-block-media-text__content\">\n<div style=\"height:15px\" aria-hidden=\"true\" class=\"wp-block-spacer\"><\/div>\n\n\n\n<h4 class=\"wp-block-heading\"><a href=\"https:\/\/www.satutaskinen.com\/de\/kirjat-buecher-books\/suomeksi\/katedraali\/\" data-type=\"page\" data-id=\"86\">KATEDRAALI, TEOS 2014<\/a><\/h4>\n\n\n\n<div style=\"height:15px\" aria-hidden=\"true\" class=\"wp-block-spacer\"><\/div>\n<\/div><\/div>\n\n\n\n<div class=\"wp-block-media-text alignwide is-stacked-on-mobile\" style=\"grid-template-columns:20% auto\"><figure class=\"wp-block-media-text__media\"><img loading=\"lazy\" decoding=\"async\" width=\"615\" height=\"1024\" src=\"https:\/\/www.satutaskinen.com\/de\/wp-content\/uploads\/2023\/05\/s11-taskinen-paisti-615x1024.jpg\" alt=\"\" class=\"wp-image-1679 size-full\" srcset=\"https:\/\/www.satutaskinen.com\/de\/wp-content\/uploads\/2023\/05\/s11-taskinen-paisti-615x1024.jpg 615w, https:\/\/www.satutaskinen.com\/de\/wp-content\/uploads\/2023\/05\/s11-taskinen-paisti-180x300.jpg 180w, https:\/\/www.satutaskinen.com\/de\/wp-content\/uploads\/2023\/05\/s11-taskinen-paisti-768x1280.jpg 768w, https:\/\/www.satutaskinen.com\/de\/wp-content\/uploads\/2023\/05\/s11-taskinen-paisti-922x1536.jpg 922w, https:\/\/www.satutaskinen.com\/de\/wp-content\/uploads\/2023\/05\/s11-taskinen-paisti.jpg 1229w\" sizes=\"auto, (max-width: 615px) 100vw, 615px\" \/><\/figure><div class=\"wp-block-media-text__content\">\n<div style=\"height:15px\" aria-hidden=\"true\" class=\"wp-block-spacer\"><\/div>\n\n\n\n<h4 class=\"wp-block-heading\"><a href=\"https:\/\/www.satutaskinen.com\/de\/kirjat-buecher-books\/suomeksi\/taeydellinen-paisti\/\" data-type=\"page\" data-id=\"84\">T\u00c4YDELLINEN PAISTI, TEOS 2011<\/a><\/h4>\n\n\n\n<div style=\"height:15px\" aria-hidden=\"true\" class=\"wp-block-spacer\"><\/div>\n<\/div><\/div>\n\n\n\n<h2 class=\"wp-block-heading\">KOKOELMAT<\/h2>\n\n\n\n<div class=\"wp-block-media-text alignwide is-stacked-on-mobile\" style=\"grid-template-columns:20% auto\"><figure class=\"wp-block-media-text__media\"><img loading=\"lazy\" decoding=\"async\" width=\"1024\" height=\"719\" src=\"https:\/\/www.satutaskinen.com\/de\/wp-content\/uploads\/2023\/05\/Suo_kuokka_ja_diversiteetti-1024x719.jpg\" alt=\"\" class=\"wp-image-1689 size-full\" srcset=\"https:\/\/www.satutaskinen.com\/de\/wp-content\/uploads\/2023\/05\/Suo_kuokka_ja_diversiteetti-1024x719.jpg 1024w, https:\/\/www.satutaskinen.com\/de\/wp-content\/uploads\/2023\/05\/Suo_kuokka_ja_diversiteetti-300x211.jpg 300w, https:\/\/www.satutaskinen.com\/de\/wp-content\/uploads\/2023\/05\/Suo_kuokka_ja_diversiteetti-768x540.jpg 768w, https:\/\/www.satutaskinen.com\/de\/wp-content\/uploads\/2023\/05\/Suo_kuokka_ja_diversiteetti-1536x1079.jpg 1536w, https:\/\/www.satutaskinen.com\/de\/wp-content\/uploads\/2023\/05\/Suo_kuokka_ja_diversiteetti-2048x1439.jpg 2048w\" sizes=\"auto, (max-width: 767px) 89vw, (max-width: 1000px) 54vw, (max-width: 1071px) 543px, 580px\" \/><\/figure><div class=\"wp-block-media-text__content\">\n<div style=\"height:15px\" aria-hidden=\"true\" class=\"wp-block-spacer\"><\/div>\n\n\n\n<h4 class=\"wp-block-heading\"><a href=\"https:\/\/www.ntamo.net\/product\/900\/suo-kuokka-ja-diversiteetti-a--o-2018\">SUO, KUOKKA JA DIVERSITEETTI, NTAMO 2018<\/a><\/h4>\n\n\n\n<div style=\"height:15px\" aria-hidden=\"true\" class=\"wp-block-spacer\"><\/div>\n<\/div><\/div>\n\n\n\n<div class=\"wp-block-media-text alignwide is-stacked-on-mobile\" style=\"grid-template-columns:20% auto\"><figure class=\"wp-block-media-text__media\"><img loading=\"lazy\" decoding=\"async\" width=\"80\" height=\"80\" src=\"https:\/\/www.satutaskinen.com\/de\/wp-content\/uploads\/2018\/10\/Bildschirmfoto-2018-10-25-um-12.52.17-e1540464791836.png\" alt=\"\" class=\"wp-image-1098 size-full\"\/><\/figure><div class=\"wp-block-media-text__content\">\n<div style=\"height:15px\" aria-hidden=\"true\" class=\"wp-block-spacer\"><\/div>\n\n\n\n<h4 class=\"wp-block-heading\"><a href=\"https:\/\/haku.helmet.fi\/iii\/encore\/record\/C__Rb1965467__Smuistij%C3%A4lki%C3%A4%20esseit%C3%A4__Orightresult__U__X4?lang=fin&amp;suite=cobalt\">MUISTIJ\u00c4LKI\u00c4, ESSEIT\u00c4 SAKSANKIELISEST\u00c4 NYKYKIRJALLISUUDESTA, AVAIN 2010<\/a><\/h4>\n\n\n\n<div style=\"height:15px\" aria-hidden=\"true\" class=\"wp-block-spacer\"><\/div>\n<\/div><\/div>\n","protected":false},"excerpt":{"rendered":"<p>Romaanitrilogia (Johari-trilogia) KOKOELMAT<\/p>\n","protected":false},"author":2,"featured_media":0,"parent":66,"menu_order":1,"comment_status":"closed","ping_status":"closed","template":"","meta":{"footnotes":""},"class_list":["post-71","page","type-page","status-publish","hentry"],"_links":{"self":[{"href":"https:\/\/www.satutaskinen.com\/de\/wp-json\/wp\/v2\/pages\/71","targetHints":{"allow":["GET"]}}],"collection":[{"href":"https:\/\/www.satutaskinen.com\/de\/wp-json\/wp\/v2\/pages"}],"about":[{"href":"https:\/\/www.satutaskinen.com\/de\/wp-json\/wp\/v2\/types\/page"}],"author":[{"embeddable":true,"href":"https:\/\/www.satutaskinen.com\/de\/wp-json\/wp\/v2\/users\/2"}],"replies":[{"embeddable":true,"href":"https:\/\/www.satutaskinen.com\/de\/wp-json\/wp\/v2\/comments?post=71"}],"version-history":[{"count":66,"href":"https:\/\/www.satutaskinen.com\/de\/wp-json\/wp\/v2\/pages\/71\/revisions"}],"predecessor-version":[{"id":1756,"href":"https:\/\/www.satutaskinen.com\/de\/wp-json\/wp\/v2\/pages\/71\/revisions\/1756"}],"up":[{"embeddable":true,"href":"https:\/\/www.satutaskinen.com\/de\/wp-json\/wp\/v2\/pages\/66"}],"wp:attachment":[{"href":"https:\/\/www.satutaskinen.com\/de\/wp-json\/wp\/v2\/media?parent=71"}],"curies":[{"name":"wp","href":"https:\/\/api.w.org\/{rel}","templated":true}]}}