{"id":531,"date":"2018-04-24T17:23:09","date_gmt":"2018-04-24T15:23:09","guid":{"rendered":"http:\/\/www.satutaskinen.com\/de\/?page_id=531"},"modified":"2026-03-25T13:29:09","modified_gmt":"2026-03-25T12:29:09","slug":"deutsch","status":"publish","type":"page","link":"https:\/\/www.satutaskinen.com\/de\/tekstejae-texte-texts\/deutsch\/","title":{"rendered":"Deutsch"},"content":{"rendered":"\n<p><strong><a href=\"https:\/\/www.satutaskinen.com\/de\/wp-content\/uploads\/2026\/03\/Bildschirmfoto-2026-03-25-um-14.20.55.png\">EIN TRAUMA<\/a><\/strong>. Auszug aus dem Roman <em>Rakastan vierasta<\/em> (<em>Ich liebe das Fremde<\/em>), Teos 2026. Magazin Words &amp; Worlds, Jahrbuch 2025.<\/p>\n\n\n\n<p><a href=\"https:\/\/www.satutaskinen.com\/de\/wp-content\/uploads\/2018\/02\/Eine_Geschichte_ueber_die_Zeit_Enttaeuschungen_und_die_Hoffnung.pdf\"><strong>EINE GESCHICHTE \u00dcBER DIE ZEIT, ENTT\u00c4USCHUNGEN UND DIE HOFFNUNG<\/strong><\/a><br>Die Neue Rundschau 1\/2017<\/p>\n\n\n\n<p><a href=\"https:\/\/www.genusspropheten.at\/essays\/augen-zu-mund-auf\/\"><strong>AUGEN ZU, MUND AUF<br><\/strong><\/a>Essaybeitrag, August 2017<\/p>\n\n\n\n<p><strong><a href=\"https:\/\/www.satutaskinen.com\/de\/wp-content\/uploads\/2018\/08\/EUROP\u00c4ISCHE-MELANGE.pdf\">EUROP\u00c4ISCHE MELANGE<\/a><\/strong><br>Essaybeitrag, Jahrbuch f\u00fcr finnisch-deutsche Literaturbeziehungen, Nr. 48, 2016<\/p>\n\n\n\n<p><strong><a href=\"https:\/\/derstandard.at\/2000025218806\/Lesen-Heilmittel-fuer-alle-schlechten-Tage\">WIE ICH LESE, SO BIN ICH<\/a><\/strong><br>Beitrag zum Thema &#8222;Vorlesen, Lesen, Schreiben&#8220;, eine Einstimmung auf die Buch Wien, Album \/ der Standard 7.11.2015<\/p>\n\n\n\n<p><a href=\"https:\/\/www.satutaskinen.com\/de\/wp-content\/uploads\/2018\/09\/AUF-DEM-BASAR-DER-GRATIGEN.pdf\"><strong>AUF DEM BASAR DER GRANTIGEN<\/strong><\/a><br>Manuskript, Radiofeature <em>Huonotuulisten basaarissa<\/em>, YLE Finnland 2009, deutsche Lesung beim &#8222;<a href=\"http:\/\/www.finnland.at\/public\/default.aspx?contentid=253184&amp;nodeid=35813&amp;contentlan=33&amp;culture=de-DE\">Europa zu Gast im erweiterten Wohnzimmer&#8220; \/ EUNIC<\/a>, \u00dcbersetzung: Alexandra Stang, Mitwirkende: Satu Taskinen, Petra Morz\u00e9, Caf\u00e9 Br\u00e4unerhof, Wien, 2012<\/p>\n\n\n\n<p><strong><a href=\"https:\/\/www.satutaskinen.com\/de\/wp-content\/uploads\/2018\/09\/Schlingensief-saksaksi-julkaisua-varten-CSn-tarkistama.pdf\">DIE WELT ALS AUSSCHNITT DER FREIHEIT<\/a><\/strong><br>Interview, mit Christoph Schlingensief, <a href=\"https:\/\/www.satutaskinen.com\/de\/wp-content\/uploads\/2018\/02\/Schlingensief-valmis-ja-l\u00e4hetetty.pdf\">auf Finnisch<\/a> erschienen in: Nuori Voima 2-3\/2010; Ausschnitte publiziert von CS in:&nbsp;<a href=\"https:\/\/schlingenblog.wordpress.com\/author\/schlingenblog\/page\/2\/\">Schlingenblog<\/a>.<\/p>\n\n\n\n<p><strong><a href=\"https:\/\/www.satutaskinen.com\/de\/wp-content\/uploads\/2018\/09\/LITERATUR-LEBT-NICHT-VON-PERFEKTION.pdf\">LITERATUR LEBT NICHT VON PERFEKTION<\/a><\/strong><br>Interview, mit Dimitr\u00e9 Dinev, <a href=\"https:\/\/www.sukol.fi\/liitto\/mika_sukol_on\/other_languages\/deutsch\">Tempus<\/a> 6\/2005<\/p>\n\n\n\n<p>DANKE F\u00dcR DAS INTERESSE. WEITERE TEXTE FOLGEN.<\/p>\n","protected":false},"excerpt":{"rendered":"<p>EIN TRAUMA. Auszug aus dem Roman Rakastan vierasta (Ich liebe das Fremde), Teos 2026. Magazin Words &amp; Worlds, Jahrbuch 2025. EINE GESCHICHTE \u00dcBER DIE ZEIT, ENTT\u00c4USCHUNGEN UND DIE HOFFNUNGDie Neue Rundschau 1\/2017 AUGEN ZU, MUND AUFEssaybeitrag, August 2017 EUROP\u00c4ISCHE MELANGEEssaybeitrag, Jahrbuch f\u00fcr finnisch-deutsche Literaturbeziehungen, Nr. 48, 2016 WIE ICH LESE, SO BIN ICHBeitrag zum Thema &hellip; <\/p>\n<p class=\"link-more\"><a href=\"https:\/\/www.satutaskinen.com\/de\/tekstejae-texte-texts\/deutsch\/\" class=\"more-link\"><span class=\"screen-reader-text\">\u201eDeutsch\u201c <\/span>weiterlesen<\/a><\/p>\n","protected":false},"author":2,"featured_media":0,"parent":523,"menu_order":0,"comment_status":"closed","ping_status":"closed","template":"","meta":{"footnotes":""},"class_list":["post-531","page","type-page","status-publish","hentry"],"_links":{"self":[{"href":"https:\/\/www.satutaskinen.com\/de\/wp-json\/wp\/v2\/pages\/531","targetHints":{"allow":["GET"]}}],"collection":[{"href":"https:\/\/www.satutaskinen.com\/de\/wp-json\/wp\/v2\/pages"}],"about":[{"href":"https:\/\/www.satutaskinen.com\/de\/wp-json\/wp\/v2\/types\/page"}],"author":[{"embeddable":true,"href":"https:\/\/www.satutaskinen.com\/de\/wp-json\/wp\/v2\/users\/2"}],"replies":[{"embeddable":true,"href":"https:\/\/www.satutaskinen.com\/de\/wp-json\/wp\/v2\/comments?post=531"}],"version-history":[{"count":20,"href":"https:\/\/www.satutaskinen.com\/de\/wp-json\/wp\/v2\/pages\/531\/revisions"}],"predecessor-version":[{"id":1770,"href":"https:\/\/www.satutaskinen.com\/de\/wp-json\/wp\/v2\/pages\/531\/revisions\/1770"}],"up":[{"embeddable":true,"href":"https:\/\/www.satutaskinen.com\/de\/wp-json\/wp\/v2\/pages\/523"}],"wp:attachment":[{"href":"https:\/\/www.satutaskinen.com\/de\/wp-json\/wp\/v2\/media?parent=531"}],"curies":[{"name":"wp","href":"https:\/\/api.w.org\/{rel}","templated":true}]}}