{"id":527,"date":"2018-04-24T17:22:13","date_gmt":"2018-04-24T15:22:13","guid":{"rendered":"http:\/\/www.satutaskinen.com\/de\/?page_id=527"},"modified":"2026-03-25T13:18:07","modified_gmt":"2026-03-25T12:18:07","slug":"suomeksi","status":"publish","type":"page","link":"https:\/\/www.satutaskinen.com\/de\/tekstejae-texte-texts\/suomeksi\/","title":{"rendered":"Suomeksi"},"content":{"rendered":"\n<p><strong><a href=\"https:\/\/kiiltomato.net\/critic\/aku-visala-masennuksen-filosofia\/\">MIT\u00c4 AJATELLA MASENNUKSESTA<\/a><\/strong>. Esseekritiikki, Aku Visala: <em>Masennuksen filosofia<\/em>. Kiiltomato 2026<\/p>\n\n\n\n<p><strong><a href=\"https:\/\/kiiltomato.net\/critic\/virginia-woolf-rouva-dalloway\/\">EL\u00c4M\u00c4 MIELENTILOISSA<\/a><\/strong>. Esseekritiikki, Virginia Woolf: <em>Rouva Dalloway<\/em>. Kiiltomato 2026<\/p>\n\n\n\n<p><strong><a href=\"https:\/\/kiiltomato.net\/critic\/wolfram-eilenberger-nykyisyyden-haamuja\/\" data-type=\"link\" data-id=\"https:\/\/kiiltomato.net\/critic\/wolfram-eilenberger-nykyisyyden-haamuja\/\">ULOSP\u00c4\u00c4SYJ\u00c4 SUMUSTA<\/a><\/strong>. Esseekritiikki, Wolfram Eilenberger: <em>Nykyisyyden haamuja<\/em>. Kiiltomato 2025<\/p>\n\n\n\n<p><strong><a href=\"https:\/\/www.janolehti.fi\/no13\/satu-taskinen.htm\">TRAUMA<\/a><\/strong>. Proosaruno, Jano-lehti numero 13 \/ 2023<\/p>\n\n\n\n<p><strong><a href=\"https:\/\/issuu.com\/sukol\/docs\/tempus123\/s\/17869522\">KUVATAITEILIJA L\u00d6YSI ITSENS\u00c4 ITALIASTA<\/a><\/strong>. Mari Vuolannon haastattelu, Tempus 1\/2023<\/p>\n\n\n\n<p><strong><a href=\"https:\/\/kritiikinuutiset.fi\/2023\/03\/18\/filosofinen-luenta-ja-sen-muuttuminen\/\">FILOSOFINEN LUENTA JA SEN MUUTTUMINEN<\/a><\/strong>, Essee, Kritiikin Uutiset 2023<\/p>\n\n\n\n<p><strong><a href=\"https:\/\/www.kritiikinuutiset.fi\/kirjoittaja\/satu-taskinen\/\">KUNNIOITUS JA VIETTELY: LUKEMISEN SUBVERSIIVISUUDESTA.<\/a><\/strong> Essee, Kritiikin Uutiset 2021 (subversiivisuustrilogian kolmas essee)<\/p>\n\n\n\n<p><a href=\"https:\/\/kiiltomato.net\/critic\/alain-mabanckou-kuppinurin\/\"><strong>SYYTT\u00c4\u00c4 VAIKO YMM\u00c4RT\u00c4\u00c4 IHMIST\u00c4<\/strong><\/a><br>Esseekritiikki, Alain Mabanckou: <em>Kuppinurin<\/em>. Kiiltomato 2021<\/p>\n\n\n\n<p><strong><a href=\"https:\/\/kiiltomato.net\/jane-austen-jarki-ja-tunteet\/\">SILTA J\u00c4RJEST\u00c4 TUNTEESEEN JA KIELEST\u00c4 TOISEEN<\/a><\/strong><br>Esseekritiikki, Jane Austen: <em>J\u00e4rki ja tunteet<\/em>. Kiiltomato 2020<\/p>\n\n\n<p><a href=\"https:\/\/www.julkari.fi\/bitstream\/handle\/10024\/140721\/YP2005-6_Taskinen.pdf?sequence=1\"><strong>ILMASTOKRIISIN HALTUUNOTTOA<\/strong><\/a><br \/>Esseekritiikki, Marjo Heiskanen: <em>Yhteen hiileen<\/em>. Yhteiskuntapolitiikka 5-6\/2020<\/p>\n\n\n<p><strong><a href=\"https:\/\/www.kritiikinuutiset.fi\/2020\/11\/13\/mita-tarinassa-tapahtuu-kun-kriisi-vaihtuu-traumaan\/\">MIT\u00c4 TARINASSA TAPAHTUU KUN KRIISI VAIHTUU TRAUMAAN<\/a><\/strong><br>Essee, Kritiikin Uutiset 2020 (subversiivisuustrilogian toinen essee)<\/p>\n\n\n\n<p><strong><a href=\"https:\/\/www.kritiikinuutiset.fi\/2020\/06\/17\/peter-handken-nobel-ja-kirjallisuuden-tottelemattomuus\/\">PETER HANDKEN NOBEL JA KIRJALLISUUDEN TOTTELEMATTOMUUS<\/a><\/strong><br>Essee, Kritiikin Uutiset 2020 (subversiivisuustrilogian ensimm\u00e4inen essee)<\/p>\n\n\n\n<p><strong><a href=\"https:\/\/nuorivoima.fi\/lue\/arvio\/rachel-cuskin-romaanitrilogiassa-yksityinen-ja-yleinen-juontuvat-toisistaan\">RACHEL CUSKIN ROMAANITRILOGIASSA YKSITYINEN JA YLEINEN JUONTUVAT TOISISTAAN <\/a><\/strong><br> Esseekritiikki, Rachel Cusk: <em>\u00c4\u00e4riviivat-trilogia<\/em>. Nuori Voima 2020<\/p>\n\n\n\n<p><strong><a href=\"https:\/\/kiiltomato.net\/herman-koch-suomen-paivat\/\">KIRJOITTAMISEN VAPAUTTAVA VAIKUTUS<\/a><\/strong><br>Esseekritiikki, Herman Koch: <em>Suomen p\u00e4iv\u00e4t<\/em>. Kiiltomato 2020<\/p>\n\n\n\n<p><strong><a href=\"https:\/\/kiiltomato.net\/judith-schalansky-kaukaisten-saarten-atlas\/\">KAUNOKIRJALLISTA KARTOGRAFIAA PARHAIMMILLAAN<\/a> <\/strong><br> Esseekritiikki, Judith Schalansky: <em>Kaukaisten saarten atlas<\/em>. Kiiltomato 2020<\/p>\n\n\n\n<p><strong><a href=\"https:\/\/kiiltomato.net\/maylis-de-kerangal-maailma-kaden-ulottuvilla\/\">KAIKKEUDEN N\u00c4KYM\u00c4T\u00d6N J\u00c4RJESTYS<\/a><\/strong><br>Esseekritiikki, Maylis de Kerangal: <em>Maailma k\u00e4den ulottuvilla<\/em>. Kiiltomato 2020<\/p>\n\n\n\n<p><strong><a href=\"https:\/\/issuu.com\/sukol\/docs\/tempus320\">GRAND TOUR<\/a><\/strong><br>Artikkeli, Tempus 3\/2020<\/p>\n\n\n\n<p><strong><a href=\"http:\/\/www.janolehti.fi\/no8\/teresa-praauer.htm\">SE SUNNUNTAI, JONA ULJAS MUSTA KARKASI TEILLEEN<\/a><\/strong><br>K\u00e4\u00e4nn\u00f6s saksasta suomeen, alkuteksti: <strong><a href=\"https:\/\/www.wallstein-verlag.de\/autoren\/teresa-praeauer.html\">Teresa Pr\u00e4auer<\/a><\/strong>. Jano &#8211; Runouslehti kaikille. 8. numero. 2019<\/p>\n\n\n\n<p><strong><a href=\"https:\/\/www.apu.fi\/artikkelit\/taydellinen-viikonloppu-wienissa\">T\u00c4YDELLINEN VIIKONLOPPU WIENISS\u00c4<\/a><\/strong><br>Vinkkijuttu kulttuurimatkalle Wieniss\u00e4. Mondo 2019<\/p>\n\n\n\n<p><a href=\"https:\/\/www.satutaskinen.com\/de\/wp-content\/uploads\/2019\/04\/Why-me.pdf\"><strong>WHY ME?<\/strong><\/a><br>Essee, antologiassa <a href=\"https:\/\/www.ntamo.net\/product\/900\/suo-kuokka-ja-diversiteetti-a--o-2018\"><em>Suo, kuokka ja diversiteetti<\/em><\/a>. Toim. Markku Eskelinen ja Leevi Lehto. ntamo 2018<\/p>\n\n\n\n<p><a href=\"https:\/\/www.satutaskinen.com\/de\/wp-content\/uploads\/2018\/09\/KIRJALLISUUDEN-K\u00c4\u00c4NT\u00c4MISEST\u00c4.pdf\"><strong>KIRJALLISUUDEN K\u00c4\u00c4NT\u00c4MISEST\u00c4<\/strong><\/a><br>Artikkeli, <a href=\"https:\/\/www.sukol.fi\/jasenyys\/jasenedut\/jasenlehti_tempus\">Tempus<\/a> 4\/2018<\/p>\n\n\n\n<p><strong><a href=\"http:\/\/www.kiiltomato.net\/chigozie-obioma-kalamiehet\/\">KUN IHMISLAPSI SUISTUU<\/a><\/strong><br>Esseekritiikki, Chigozie Obioma: <em>Kalamiehet<\/em>. Kiiltomato 2017<\/p>\n\n\n\n<p><strong><a href=\"http:\/\/www.kiiltomato.net\/titia-schuurman-toim-aito-huijaus\/\">NYKYINTIALAISESSA NOVELLIKOKOELMASSA ON VOIMAA<\/a><\/strong><br>Kritiikki, Titia Schuurman (toim.): <em>Aito huijaus. 10 novellia nyky-Intiasta<\/em>. Kiiltomato 2017<\/p>\n\n\n\n<p><strong><a href=\"http:\/\/www.julkari.fi\/bitstream\/handle\/10024\/136248\/YP1706_Taskinen.pdf?sequence=1&amp;isAllowed=y\">MAAILMAN- JA IHMISKUVAN MUUTOKSET VAATIVAT AIKAA<\/a><\/strong><br>Kolumni, Yhteiskuntapolitiikka 6\/2017<\/p>\n\n\n\n<p><a href=\"http:\/\/www.julkari.fi\/bitstream\/handle\/10024\/136010\/YP1705_Taskinen.pdf?sequence=1&amp;isAllowed=y\"><strong>HOMO LUDENS, HOMO FABER<\/strong><\/a><br>Kolumni, Yhteiskuntapolitiikka 5\/2017<\/p>\n\n\n\n<p><strong><a href=\"http:\/\/www.julkari.fi\/bitstream\/handle\/10024\/135733\/YP1704_Taskinen.pdf?sequence=1&amp;isAllowed=y\">VARAANI UIMAHALLISSA<\/a><\/strong><br>Kolumni, Yhteiskuntapolitiikka 4\/2017<\/p>\n\n\n\n<p><strong><a href=\"http:\/\/www.julkari.fi\/bitstream\/handle\/10024\/135402\/YP1703_Taskinen_Satu.pdf?sequence=1&amp;isAllowed=y\">MIT\u00c4 YKSITYISEMP\u00c4\u00c4 SIT\u00c4 YLEISEMP\u00c4\u00c4<\/a><\/strong><br>Kolumni, Yhteiskuntapolitiikka 3\/2017<\/p>\n\n\n\n<p><strong><a href=\"http:\/\/www.julkari.fi\/bitstream\/handle\/10024\/135176\/YP1702_Taskinen.pdf?sequence=1&amp;isAllowed=y\">HYV\u00c4 MUISTI, HUONO MUISTI<\/a><\/strong><br>Kolumni, Yhteiskuntapolitiikka 2\/2017<\/p>\n\n\n\n<p><a href=\"http:\/\/www.julkari.fi\/bitstream\/handle\/10024\/134741\/YP1701_Taskinen.pdf?sequence=1&amp;isAllowed=y\"><strong>VERHOTTUJA MAAILMOJA<\/strong><br><\/a>Kolumni, Yhteiskuntapoltiikka 1\/2017<\/p>\n\n\n\n<p><strong><a href=\"http:\/\/www.julkari.fi\/bitstream\/handle\/10024\/132310\/YP1606_Taskinen.pdf?sequence=1&amp;isAllowed=y\">RAJOJA YLITT\u00c4V\u00c4 OTUS<\/a><\/strong><br>Kolumni, Yhteiskuntapolitiikka 6\/2016<\/p>\n\n\n\n<p><strong><a href=\"http:\/\/www.julkari.fi\/bitstream\/handle\/10024\/131942\/YP1605_Taskinen.pdf?sequence=1&amp;isAllowed=y\">PUHUTAAN JUURISTA JA KIELENK\u00c4YT\u00d6ST\u00c4<\/a><\/strong><br>Kolumni, Yhteiskuntapolitiikka 5\/2016<\/p>\n\n\n\n<p><a href=\"http:\/\/www.julkari.fi\/bitstream\/handle\/10024\/131577\/YP1604_Taskinen.pdf?sequence=1&amp;isAllowed=y\"><strong>V\u00c4IST\u00c4M\u00c4T\u00d6N MIN\u00c4KESKEISYYS<\/strong><\/a><br>Kolumni, Yhteiskuntapolitiikka 4\/2016<\/p>\n\n\n\n<p><strong><a href=\"http:\/\/www.julkari.fi\/bitstream\/handle\/10024\/131337\/YP1603_Taskinen.pdf?sequence=1&amp;isAllowed=y\">KUN LAPSI KYSYY, IKKUNA AVAUTUU<\/a><\/strong><br>Kolumni, Yhteiskuntapolitiikka 3\/2016<\/p>\n\n\n\n<p><strong><a href=\"https:\/\/www.satutaskinen.com\/de\/wp-content\/uploads\/2018\/08\/yp1602_taskinen.pdf\">MATKALAUKULLA ON ASIAA<\/a><\/strong><br>Kolumni, Yhteiskuntapolitiikka 2\/2016<\/p>\n\n\n\n<p><strong><a href=\"http:\/\/www.julkari.fi\/bitstream\/handle\/10024\/130674\/YP1601_taskinen.pdf?sequence=1&amp;isAllowed=y\">TOISEN KIPU<\/a><\/strong><br>Kolumni, Yhteiskuntapolitiikka 1\/2016<\/p>\n\n\n\n<p><strong><a href=\"https:\/\/www.satutaskinen.com\/de\/wp-content\/uploads\/2018\/02\/satu-taskisen-avajaisesitelmae-kustavin-kirjallisuusviikolle-2016.pdf\">TAITEEN ITSEISARVO. JA: MIK\u00c4 TAITEILIJAA LIIKUTTAA.<\/a><\/strong><br>Avajaisesitelm\u00e4, Volter Kilpi Kustavissa -kirjallisuusp\u00e4iv\u00e4t 2016<\/p>\n\n\n\n<p><strong><a href=\"https:\/\/www.satutaskinen.com\/de\/wp-content\/uploads\/2018\/08\/EUROOPPALAINEN-MELANGE.pdf\">EUROOPPALAINEN MELANGE<\/a><\/strong><br>Essee, Helsingin Saksalaisen kirjaston vuosikirja 2016<\/p>\n\n\n\n<p><a href=\"http:\/\/www.kiiltomato.net\/drago-jancar-sina-yona-nain-hanet\/\"><strong>LINNUN VAI SAMMAKON PERSPEKTIIVIST\u00c4<\/strong><\/a><br>Esseekritiikki, Drago Jan\u010dar: <em>Sin\u00e4 y\u00f6n\u00e4 n\u00e4in h\u00e4net<\/em>. Kiiltomato 2016<\/p>\n\n\n\n<p><strong><a href=\"https:\/\/www.satutaskinen.com\/de\/wp-content\/uploads\/2018\/02\/Taskinen_suomi_LIWRE2015.pdf\">KIRJAILIJA TASAPAINOTAITEILIJANA<\/a><\/strong><br>Alustus, Lahden kansainv\u00e4linen kirjailijakokous Liwre 2015<\/p>\n\n\n\n<p><strong><a href=\"http:\/\/www.kiiltomato.net\/milena-michiko-flasar-kutsuin-hanta-solmioksi\/\">TERAPEUTTISIA PUHEHETKI\u00c4 JAPANILAISESSA PUISTOSSA<\/a><\/strong><br>Kritiikki, Milena Michiko Fla\u0161ar: <em>Kutsuin h\u00e4nt\u00e4 solmioksi<\/em>. Kiiltomato 2015<\/p>\n\n\n\n<p><strong><a href=\"http:\/\/www.kiiltomato.net\/mare-kandre-xavier\/\">KUKAAN IHMINEN EI OLE SAARI<\/a><\/strong><br>Esseekritiikki, Mare Kandre:&nbsp;<em>Xavier<\/em>. Kiiltomato 2015<\/p>\n\n\n\n<p><a href=\"http:\/\/www.kiiltomato.net\/rein-raud-rekonstruktio\/\"><strong>MIT\u00c4 TAPAHTUI TODELLA<\/strong><\/a><br>Esseekritiikki, Rein Raud: <em>Rekonstruktio<\/em>. Kiiltomato 2015<\/p>\n\n\n\n<p><strong><a href=\"http:\/\/www.kiiltomato.net\/vladimir-nabokov-kalvas-hehku\/\">LUKEMISEN IHME<\/a><\/strong><br>Esseekritiikki, Vladimir Nabokov:&nbsp;<em>Kalvas hehku<\/em>. Kiiltomato 2014<br><a href=\"https:\/\/www.satutaskinen.com\/de\/wp-content\/uploads\/2018\/02\/Lukemisen-ihme.pdf\">PDF<\/a><\/p>\n\n\n\n<p><strong><a href=\"http:\/\/www.kiiltomato.net\/peter-froberg-idling-laulu-nousevalle-myrskylle\/\">AJATTELE, P\u00c4\u00c4T\u00c4 JA TEE<\/a><\/strong><br>Kritiikki, Peter Fr\u00f6berg Idling: <em>Laulu nousevalle myrskylle.<\/em>&nbsp;Kiiltomato 2014<\/p>\n\n\n\n<p><strong><a href=\"http:\/\/www.kiiltomato.net\/grace-mccleen-ihana-maa\/\">USKO SIIRT\u00c4\u00c4 VUORIA<\/a><\/strong><br>Kritiikki, Grace McCleen: <em>Ihana maa.<\/em>&nbsp;Kiiltomato 2013<\/p>\n\n\n\n<p><strong><a href=\"http:\/\/www.kiiltomato.net\/arno-geiger-vanha-kuningas-turvapaikassaan\/\">MIT\u00c4 H\u00c4VI\u00c4\u00c4, MIT\u00c4 SAA<\/a><\/strong><br>Kritiikki, Arno Geiger: <em>Vanha kuningas turvapaikassaan.&nbsp;<\/em>Kiiltomato 2013<\/p>\n\n\n\n<p><strong><a href=\"http:\/\/www.kiiltomato.net\/lionel-shriver-jonnekin-pois\/\">ONNEA ONNETTOMUUDESSA &#8211; VAIKKA V\u00c4KISIN<\/a><\/strong><br>Esseekritiikki, Lionel Shriver: <em>Jonnekin pois<\/em>. Kiiltomato 2012<\/p>\n\n\n\n<p><strong><a href=\"http:\/\/www.kiiltomato.net\/gaute-heivoll-etten-palaisi-tuhkaksi\/\">MIK\u00c4 EI PALA TULESSA<\/a><\/strong><br>Kritiikki, Gaute Heivoll: <em>Etten palaisi tuhkaksi.<\/em>&nbsp;Kiiltomato 2012<\/p>\n\n\n\n<p><strong><a href=\"http:\/\/www.kiiltomato.net\/ingo-schulze-adam-ja-evelyn\/\">\u00c4KKI\u00c4 TULI PAKOTTAVA, VAARALLINEN KAIPAUS<\/a><\/strong><br>Kritiikki, Ingo Schulze: <em>Adam ja Evelyn<\/em>. Kiiltomato 2012<\/p>\n\n\n\n<p><strong><a href=\"http:\/\/voima.fi\/artikkeli\/2011\/himoa-rahaa-ja-rappiota-alpeilla-2\/\">HIMOA, VALTAA JA RAPPIOTA ALPEILLA<\/a><\/strong><br>Esseekritiikki, Elfriede Jelinek: <em>Halu<\/em>. Voima 8.11.2011<\/p>\n\n\n\n<p><strong><a href=\"http:\/\/www.kiiltomato.net\/maarit-verronen-kirkkaan-selkeaa\/\">LATVUS KAIPAA JUURIAAN<\/a><\/strong><br>Kritiikki, Maarit Verronen:&nbsp;<em>Kirkkaan selke\u00e4\u00e4<\/em>. Kiiltomato 2011<\/p>\n\n\n\n<p><a href=\"http:\/\/www.kiiltomato.net\/hilary-mantel-susipalatsi\/\"><strong>VALLAN SIEMENET KYLVET\u00c4\u00c4N INHIMILLISIIN TARPEISIIN<\/strong><\/a><br>Esseekritiikki, Hilary Mantel: <em>Susipalatsi.<\/em>&nbsp;Kiiltomato 2011<\/p>\n\n\n\n<p><strong><a href=\"http:\/\/www.kiiltomato.net\/annelies-verbeke-kalanpelastaja\/\">KUVITTEELLINEN LAPSI<\/a><\/strong><br>Kritiikki, Annelies Verbeke: <em>Kalanpelastaja<\/em>. Kiiltomato 2011<\/p>\n\n\n\n<p><a href=\"https:\/\/www.satutaskinen.com\/de\/wp-content\/uploads\/2018\/08\/TUNTEIDEN-MAHTI-ELI-TODET-ILLUUSIOT-Essee-Nuori-Voima-2-42011-Teemana-Alexander-Kluge.pdf\"><strong>&#8218;TUNTEIDEN MAHTI&#8216; ELI TODET ILLUUSIOT<\/strong><\/a><br>Essee, Nuori Voima 3-4\/2011, teemana Alexander Kluge.<\/p>\n\n\n\n<p><strong><a href=\"https:\/\/www.satutaskinen.com\/de\/wp-content\/uploads\/2018\/08\/RAKKAUSKOE.pdf\">RAKKAUSKOE<\/a> <\/strong><br>Suomennos, saksankielinen alkuper\u00e4isteksti Alexander Kluge: <em>Liebesversuch<\/em>. Nuori&nbsp;Voima 3-4\/2011, teemana Alexander Kluge.<\/p>\n\n\n\n<p><strong><a href=\"https:\/\/www.satutaskinen.com\/de\/wp-content\/uploads\/2018\/08\/HAUTAJAISISSA-L\u00c4SN\u00c4-OLLEET.pdf\">HAUTAJAISISSA L\u00c4SN\u00c4 OLLEET<\/a><\/strong><br>Suomennos, saksankielinen alkuper\u00e4isteksti Alexander Kluge: <em>Anwesenheitsliste f\u00fcr eine Beerdigung<\/em>. Nuori&nbsp;Voima 3-4\/2011, teemana Alexander Kluge.<\/p>\n\n\n\n<p><strong>MAAILMA VAPAUTENA<\/strong><br>Haastattelu, suomennos: Christopf Schlingensief. Nuori Voima 2-3\/2010, teemana Afrikka<br><a href=\"https:\/\/www.satutaskinen.com\/de\/wp-content\/uploads\/2018\/02\/Schlingensief-valmis-ja-l\u00e4hetetty.pdf\">PDF<\/a><\/p>\n\n\n\n<p><strong><a href=\"https:\/\/www.satutaskinen.com\/de\/wp-content\/uploads\/2018\/10\/saksalainen-nykyproosa-.pdf\">IT\u00c4VALTALAINEN PROOSA KIELEN JA JUONEN V\u00c4LISS\u00c4<\/a><\/strong><br>Haastattelu, suomennos: Bettina Bal\u00e0ka ja Franzobel. Nuori Voima 4\/2010, teemana saksalainen nykyproosa<\/p>\n\n\n\n<p><strong><a href=\"https:\/\/www.satutaskinen.com\/de\/wp-content\/uploads\/2018\/09\/VARHAINEN-PERUSKIELITAITO-ON-OPIN-YTIMESS\u00c4.pdf\">VARHAINEN PERUSKIELITAITO ON OPIN YTIMESS\u00c4<\/a><\/strong><br>Artikkeli, <a href=\"https:\/\/www.sukol.fi\/jasenyys\/jasenedut\/jasenlehti_tempus\">Tempus<\/a> 1\/2010<\/p>\n\n\n\n<p><strong><a href=\"https:\/\/www.satutaskinen.com\/de\/wp-content\/uploads\/2018\/10\/Herta-M\u00fcller-Hengityskeinu.pdf\">SANOMATON N\u00c4LK\u00c4<\/a><\/strong><br>Esseekritiikki, Herta M\u00fcller: <em>Hengityskeinu<\/em>. Nuori Voima 4\/2010, teemana saksalainen nykyproosa<\/p>\n\n\n\n<p><strong><a href=\"http:\/\/voima.fi\/blogikirjoitus\/2009\/im-memoriam-felicitas-steiner-1924-2009\/\">IM MEMORIAM: FELICITAS STEINER 1924 &#8211; 2009<\/a><\/strong><br>Muistokirjoitus, Voima 16.12.2009<\/p>\n\n\n\n<p><strong><a href=\"https:\/\/www.satutaskinen.com\/de\/wp-content\/uploads\/2018\/09\/VOIKO-HOLOKAUSTISTA-SELVIYTY\u00c4.pdf\">VOIKO HOLOKAUSTISTA SELVIYTY\u00c4?<\/a><\/strong><br>Esseekritiikki\/haastattelu (hybriditeksti), Ladislaus L\u00f6b: <em>Sopimus saatanan kanssa<\/em>, Fred Wander: <em>Seitsem\u00e4s kaivo<\/em>, haastattelu: Felicitas Steiner. Nuori Voima 3\/2009, teemana humanismi<\/p>\n\n\n\n<p><strong><a href=\"https:\/\/www.satutaskinen.com\/de\/wp-content\/uploads\/2018\/10\/latina.pdf\">KAIKKI TIET VIEV\u00c4T ROOMAAN<\/a><\/strong><br>Artikkeli, Tempus 1\/2009<\/p>\n\n\n\n<p><strong><a href=\"https:\/\/www.satutaskinen.com\/de\/wp-content\/uploads\/2018\/10\/KIRJAILIJAN-LEMPIHAAMU-ON-POLTERGEIST.pdf\">KIRJAILIJAN LEMPIHAAMU ON POLTERGEIST<\/a><\/strong><br>Haastattelu: Anneli Kanto. Kulttuurivihkot 1\/2009<\/p>\n\n\n\n<p><strong><a href=\"http:\/\/voima.fi\/blogikirjoitus\/2009\/me-olemme-yhta-tschuus\/\">ME OLEMME YHT\u00c4. TSCH\u00dc\u00dcS!<\/a><\/strong><br>Blogikirjoitus, Voima 25.3.2009<\/p>\n\n\n\n<p><strong><a href=\"http:\/\/voima.fi\/blogikirjoitus\/2009\/jorg-haider-kolmas-naytos\/\">J\u00d6RG HAIDER, KOLMAS N\u00c4YT\u00d6S<\/a><\/strong><br>Blogikirjoitus, Voima 28.1.2009<\/p>\n\n\n\n<p><strong><a href=\"http:\/\/www.kiiltomato.net\/leena-parkkinen-sinun-jalkeesi-max\/\">MIT\u00c4 YLEIS\u00d6 VAATII<\/a><\/strong><br>Esseekritiikki, Leena Parkkinen: <em>Sinun j\u00e4lkeesi, Max<\/em>. Kiiltomato 2009<\/p>\n\n\n\n<p><strong><a href=\"http:\/\/www.kiiltomato.net\/anneli-kanto-veriruusut\/\">AIVAN KUIN EL\u00c4M\u00c4 OLISI T\u00c4SS\u00c4 JA HUOMENNA OHI<\/a><\/strong><br>Esseekritiikki, Anneli Kanto: <em>Veriruusut<\/em>. Kiiltomato 2008<\/p>\n\n\n\n<p><strong><a href=\"http:\/\/www.kiiltomato.net\/riku-korhonen-laakariromaani\/\">NIKLAKSEN EP\u00c4ONNISTUNUT EL\u00c4M\u00c4<\/a><\/strong><br>Esseekritiikki, Riku Korhonen: <em>L\u00e4\u00e4k\u00e4riromaani.&nbsp;<\/em>Kiiltomato 2008<\/p>\n\n\n\n<p><strong><a href=\"http:\/\/www.kiiltomato.net\/friedrich-nietzsche-tragedian-synty\/\">ETTEI EL\u00c4M\u00c4 UNOHTUISI<\/a><\/strong><br>Esseekritiikki, Friedrich Nietzsche: <em>Tragedian synty<\/em>. Kiiltomato 2008<\/p>\n\n\n\n<p><strong><a href=\"https:\/\/voima.fi\/blogikirjoitus\/2008\/laakari-kaupan\/\">L\u00c4\u00c4K\u00c4RI KAUPAN<\/a><\/strong><br>Blogikirjoitus, Voima 19.11.2008<\/p>\n\n\n\n<p><strong><a href=\"http:\/\/voima.fi\/blogikirjoitus\/2008\/unohtamisesta\/\">UNOHTAMISESTA<\/a><\/strong><br>Blogikirjoitus, Voima 5.11.2008<\/p>\n\n\n\n<p><a href=\"http:\/\/voima.fi\/blogikirjoitus\/2008\/kuin-menetettya-profeettaa\/\"><strong>KUIN MENETETTY\u00c4 PROFEETTAA<\/strong><\/a><br>Blogikirjoitus, Voima 21.10.2008<\/p>\n\n\n\n<p><strong><a href=\"http:\/\/voima.fi\/blogikirjoitus\/2008\/aanetta-vaaleissa\/\">\u00c4\u00c4NETT\u00c4 VAALEISSA<\/a><\/strong><br>Blogikirjoitus, Voima 7.10.2008<\/p>\n\n\n\n<p><strong><a href=\"https:\/\/www.satutaskinen.com\/de\/wp-content\/uploads\/2018\/10\/sadunegypti_uusi.pdf\">NIILI\u00c4 PITKIN LUXORISTA ASSUANIIN<\/a><\/strong><br>Artikkeli, Tempus 4\/2008<\/p>\n\n\n\n<p><strong><a href=\"https:\/\/www.satutaskinen.com\/de\/wp-content\/uploads\/2018\/10\/Tempus-Pisa-taittovedos.pdf\">IT\u00c4VALLASSA VITSAILLAAN: &#8222;PISA-TUTKIMUS ON SUOMALAISTEN KEKSIM\u00c4 SALALIITTO&#8220;<\/a><\/strong><br>Artikkeli, Tempus 2\/2008<\/p>\n\n\n\n<p><strong><a href=\"https:\/\/www.satutaskinen.com\/de\/wp-content\/uploads\/2018\/10\/VASTARINTAA-JA-LOHDUTUSTA.pdf\">VASTARINTAA JA LOHDUTUSTA<\/a><\/strong><br>Haastattelu, suomennos: Christine N\u00f6stlinger. Kulttuurivihkot 6\/2008<\/p>\n\n\n\n<p><strong><a href=\"https:\/\/www.satutaskinen.com\/de\/wp-content\/uploads\/2018\/10\/S\u00c4RKYNEEN-SYD\u00c4MEN-JOUKKO-OPPIA.pdf\">S\u00c4RKYNEEN SYD\u00c4MEN JOUKKO-OPPIA<\/a><\/strong><br>Kritiikki ja haastattelu, Maria Kilpi: <em>Harmin paikka<\/em>, haastateltavana Maria Kilpi Kulttuurivihkot 4-5\/2008<\/p>\n\n\n\n<p><strong><a href=\"https:\/\/www.satutaskinen.com\/de\/wp-content\/uploads\/2018\/10\/Tempus-Rovinj.pdf\">KROATIASSA KIELET KOHTAAVAT<\/a><\/strong><br>Artikkeli, Tempus 8\/2007<\/p>\n\n\n\n<p><strong><a href=\"http:\/\/www.kiiltomato.net\/anneli-kanto-piru-kreivi-noita-ja-nayttelija\/\">QUO VADIS? &#8211; HOVINARRIN OTTEELLA<\/a><\/strong><br>Esseekritiikki, Anneli Kanto: <em>Piru, kreivi, noita ja n\u00e4yttelij\u00e4<\/em>. Kiiltomato 2007<\/p>\n\n\n\n<p><strong><a href=\"http:\/\/www.kiiltomato.net\/daniel-kehlmann-maailman-mittaajat\/\">NYT T\u00c4M\u00c4 HETKI ON IKUISESTI MENNYTT\u00c4<\/a><\/strong><br>Esseekritiikki, Daniel Kehlmann: <em>Maailman mittaajat<\/em>. Kiiltomato 2007<\/p>\n\n\n\n<p><strong><a href=\"https:\/\/www.satutaskinen.com\/de\/wp-content\/uploads\/2018\/09\/22SIS\u00c4LL\u00c4NI-EI-OLE-SOTAA-VAAN-RAUHA-JA-SE-ON-T\u00c4M\u00c4N-ASIAN-HYV\u00c4-PUOLI22.pdf\">&#8222;SIS\u00c4LL\u00c4NI EI OLE SOTAA VAAN RAUHA, JA SE ON T\u00c4M\u00c4N ASIAN HYV\u00c4 PUOLI!&#8220;<\/a><\/strong><br>Haastattelu, suomennos: Edeltrud Posiles. Sanansaattaja 30.11.2006<\/p>\n\n\n\n<p><strong><a href=\"https:\/\/www.satutaskinen.com\/de\/wp-content\/uploads\/2018\/09\/Tempus-K\u00e4\u00e4ntym\u00e4tt\u00f6m\u00e4t.pdf\">K\u00c4\u00c4NTYM\u00c4TT\u00d6M\u00c4T &#8211; KIRJAVIISAUDEN RAJA<\/a><\/strong><br>Artikkeli, Tempus 3\/2006<\/p>\n\n\n\n<p><a href=\"https:\/\/www.satutaskinen.com\/de\/wp-content\/uploads\/2018\/10\/Nuori-Voima-Stangl-haastattelu.pdf\"><strong>UNEN TUNTUMASSA<\/strong><\/a><br>Haastattelu, suomennos: Thomas Stangl. Nuori Voima 6\/2005, teemana uni<\/p>\n\n\n\n<p><strong><a href=\"https:\/\/www.satutaskinen.com\/de\/wp-content\/uploads\/2018\/10\/Nuori-Voima-Dinev-haastattelu.pdf\">KIELEENMUUTTAJA<\/a><\/strong><br>Haastattelu, suomennos: Dimitre Dinev. Nuori Voima 6\/2005, teemana uni<\/p>\n\n\n\n<p><strong><a href=\"https:\/\/www.satutaskinen.com\/de\/wp-content\/uploads\/2018\/10\/Nuori-Voima-Wienil\u00e4inen-paradoksi.pdf\">WIENIL\u00c4INEN PARADOKSI<\/a><\/strong><br>Artikkeli, Nuori Voima 6\/2005, teemana uni<\/p>\n\n\n\n<p><strong><a href=\"https:\/\/www.satutaskinen.com\/de\/wp-content\/uploads\/2018\/10\/Jelinek-Sanansaattaja.pdf\">IT\u00c4VALLAN MELANKOLISEN JEANNE D&#8217;ARCIN ASEENA OVAT SANAT<\/a><\/strong><br>Artikkeli, Sanansaattaja 4.11.2004<\/p>\n\n\n\n<p>KIITOS KIINNOSTUKSESTASI. LIS\u00c4\u00c4 TEKSTEJ\u00c4 JULKAISTAAN PIAN.<\/p>\n\n\n\n<p><\/p>\n","protected":false},"excerpt":{"rendered":"<p>MIT\u00c4 AJATELLA MASENNUKSESTA. Esseekritiikki, Aku Visala: Masennuksen filosofia. Kiiltomato 2026 EL\u00c4M\u00c4 MIELENTILOISSA. Esseekritiikki, Virginia Woolf: Rouva Dalloway. Kiiltomato 2026 ULOSP\u00c4\u00c4SYJ\u00c4 SUMUSTA. Esseekritiikki, Wolfram Eilenberger: Nykyisyyden haamuja. Kiiltomato 2025 TRAUMA. Proosaruno, Jano-lehti numero 13 \/ 2023 KUVATAITEILIJA L\u00d6YSI ITSENS\u00c4 ITALIASTA. Mari Vuolannon haastattelu, Tempus 1\/2023 FILOSOFINEN LUENTA JA SEN MUUTTUMINEN, Essee, Kritiikin Uutiset 2023 KUNNIOITUS JA &hellip; <\/p>\n<p class=\"link-more\"><a href=\"https:\/\/www.satutaskinen.com\/de\/tekstejae-texte-texts\/suomeksi\/\" class=\"more-link\"><span class=\"screen-reader-text\">\u201eSuomeksi\u201c <\/span>weiterlesen<\/a><\/p>\n","protected":false},"author":2,"featured_media":0,"parent":523,"menu_order":0,"comment_status":"closed","ping_status":"closed","template":"","meta":{"footnotes":""},"class_list":["post-527","page","type-page","status-publish","hentry"],"_links":{"self":[{"href":"https:\/\/www.satutaskinen.com\/de\/wp-json\/wp\/v2\/pages\/527","targetHints":{"allow":["GET"]}}],"collection":[{"href":"https:\/\/www.satutaskinen.com\/de\/wp-json\/wp\/v2\/pages"}],"about":[{"href":"https:\/\/www.satutaskinen.com\/de\/wp-json\/wp\/v2\/types\/page"}],"author":[{"embeddable":true,"href":"https:\/\/www.satutaskinen.com\/de\/wp-json\/wp\/v2\/users\/2"}],"replies":[{"embeddable":true,"href":"https:\/\/www.satutaskinen.com\/de\/wp-json\/wp\/v2\/comments?post=527"}],"version-history":[{"count":128,"href":"https:\/\/www.satutaskinen.com\/de\/wp-json\/wp\/v2\/pages\/527\/revisions"}],"predecessor-version":[{"id":1766,"href":"https:\/\/www.satutaskinen.com\/de\/wp-json\/wp\/v2\/pages\/527\/revisions\/1766"}],"up":[{"embeddable":true,"href":"https:\/\/www.satutaskinen.com\/de\/wp-json\/wp\/v2\/pages\/523"}],"wp:attachment":[{"href":"https:\/\/www.satutaskinen.com\/de\/wp-json\/wp\/v2\/media?parent=527"}],"curies":[{"name":"wp","href":"https:\/\/api.w.org\/{rel}","templated":true}]}}