{"id":35,"date":"2018-01-19T18:27:40","date_gmt":"2018-01-19T17:27:40","guid":{"rendered":"http:\/\/www.satutaskinen.com\/de\/?page_id=35"},"modified":"2026-04-07T17:25:56","modified_gmt":"2026-04-07T15:25:56","slug":"suomeksi","status":"publish","type":"page","link":"https:\/\/www.satutaskinen.com\/de\/cv\/suomeksi\/","title":{"rendered":"Suomeksi"},"content":{"rendered":"\n<p><strong><a href=\"https:\/\/www.satutaskinen.com\/de\/wp-content\/uploads\/2026\/04\/Portfolio-Satu-Taskinen.pdf\">Linkki portfolioon Satu Taskinen t\u00e4ss\u00e4.<\/a><\/strong><\/p>\n\n\n\n<p><strong>Tiivistelm\u00e4 CV:st\u00e4 t\u00e4ss\u00e4 alla:<\/strong><\/p>\n\n\n\n<p><span lang=\"FI\">Satu Taskinen, s. 1970 Helsingiss\u00e4. Suomen Kirjailijaliiton ja SARVin j\u00e4sen. <\/span><\/p>\n\n\n\n<p><span lang=\"FI\">Peruskoulu Keravalla. Lukio Kallion lukio. Teoreettisen filosofian ja germaanisen filologian opinnot Helsingin yliopistossa. Jatko-opintoja Hollannissa. Muutto Wieniin 1999, jossa p\u00e4\u00e4toiminen sosiaalineuvoja ja aikuiskouluttaja vuoteen 2012. Suomen- ja saksankielisi\u00e4 julkaisuja ja suomennoksia lehdiss\u00e4 ja kokoelmissa vuodesta 2004. Radiofeature k\u00e4sikirjoitus <i>Huonotuulisten basaarissa&nbsp;<\/i>2009. Esikoisromaani <i>T\u00e4ydellinen paisti&nbsp;<\/i>2011. Romaanitrilogian muut osat: <i>Katedraali&nbsp;<\/i>2014 ja <i>Lapset&nbsp;<\/i>2017. Trilogia on k\u00e4\u00e4nnetty saksaksi. <\/span> <em>Luomisty\u00f6<\/em>, romaani 2023. <em>Rakastan vierasta<\/em>, romaani 2026.<\/p>\n\n\n\n<p><span lang=\"FI\">Projekteja: <a href=\"https:\/\/www.lettretage.de\/schriftproben\/\">Schriftproben 2012<\/a>; Seminaari pohjoismaisille kirjailijoille \/ Myn\u00e4m\u00e4ki, Helsinki 2015; <a href=\"http:\/\/kompositiotour.blogspot.com\/p\/what-is-kompositio.html\">KOMPOSITIO 2015<\/a>; <a href=\"https:\/\/crowd-literature.eu\/about\/\">CROWD 2016<\/a><\/span>; Literarischer Gospel Chor 2025; Words and  Worlds 2025, 2026.<\/p>\n\n\n\n<p>Tunnustuksia: Helsingin Sanomain esikoiskirjapalkinto 2011, Akateemisen kirjakaupan kirjallisuuspalkinto 2012, Toisinkoinen-kirjallisuuspalkinto 2014, Nuori Voima -lehden Vuoden avustaja -palkinto 2010, European Book Prize 2012 -ehdokkuus, Mahdollisen Kirjallisuuden Seuran kirjallisuuspalkinnon ehdokkuus 2015, EU:n kirjallisuuspalkinnon ehdokkuus 2016, Tulenkantaja-kirjallisuuspalkinnon ehdokkuus 2018.<\/p>\n\n\n\n<p>Valtion 3-vuotinen taiteilija-apuraha 2018. SKR 4-vuotinen apuraha 2021.<\/p>\n\n\n\n<p>&nbsp;<\/p>\n","protected":false},"excerpt":{"rendered":"<p>Linkki portfolioon Satu Taskinen t\u00e4ss\u00e4. Tiivistelm\u00e4 CV:st\u00e4 t\u00e4ss\u00e4 alla: Satu Taskinen, s. 1970 Helsingiss\u00e4. Suomen Kirjailijaliiton ja SARVin j\u00e4sen. Peruskoulu Keravalla. Lukio Kallion lukio. Teoreettisen filosofian ja germaanisen filologian opinnot Helsingin yliopistossa. Jatko-opintoja Hollannissa. Muutto Wieniin 1999, jossa p\u00e4\u00e4toiminen sosiaalineuvoja ja aikuiskouluttaja vuoteen 2012. Suomen- ja saksankielisi\u00e4 julkaisuja ja suomennoksia lehdiss\u00e4 ja kokoelmissa vuodesta 2004. &hellip; <\/p>\n<p class=\"link-more\"><a href=\"https:\/\/www.satutaskinen.com\/de\/cv\/suomeksi\/\" class=\"more-link\"><span class=\"screen-reader-text\">\u201eSuomeksi\u201c <\/span>weiterlesen<\/a><\/p>\n","protected":false},"author":2,"featured_media":0,"parent":29,"menu_order":1,"comment_status":"closed","ping_status":"closed","template":"","meta":{"footnotes":""},"class_list":["post-35","page","type-page","status-publish","hentry"],"_links":{"self":[{"href":"https:\/\/www.satutaskinen.com\/de\/wp-json\/wp\/v2\/pages\/35","targetHints":{"allow":["GET"]}}],"collection":[{"href":"https:\/\/www.satutaskinen.com\/de\/wp-json\/wp\/v2\/pages"}],"about":[{"href":"https:\/\/www.satutaskinen.com\/de\/wp-json\/wp\/v2\/types\/page"}],"author":[{"embeddable":true,"href":"https:\/\/www.satutaskinen.com\/de\/wp-json\/wp\/v2\/users\/2"}],"replies":[{"embeddable":true,"href":"https:\/\/www.satutaskinen.com\/de\/wp-json\/wp\/v2\/comments?post=35"}],"version-history":[{"count":21,"href":"https:\/\/www.satutaskinen.com\/de\/wp-json\/wp\/v2\/pages\/35\/revisions"}],"predecessor-version":[{"id":1802,"href":"https:\/\/www.satutaskinen.com\/de\/wp-json\/wp\/v2\/pages\/35\/revisions\/1802"}],"up":[{"embeddable":true,"href":"https:\/\/www.satutaskinen.com\/de\/wp-json\/wp\/v2\/pages\/29"}],"wp:attachment":[{"href":"https:\/\/www.satutaskinen.com\/de\/wp-json\/wp\/v2\/media?parent=35"}],"curies":[{"name":"wp","href":"https:\/\/api.w.org\/{rel}","templated":true}]}}