{"id":153,"date":"2018-01-19T22:18:08","date_gmt":"2018-01-19T21:18:08","guid":{"rendered":"http:\/\/www.satutaskinen.com\/de\/?page_id=153"},"modified":"2026-04-03T11:17:41","modified_gmt":"2026-04-03T09:17:41","slug":"press","status":"publish","type":"page","link":"https:\/\/www.satutaskinen.com\/de\/press\/","title":{"rendered":"Press"},"content":{"rendered":"\n<p><a href=\"https:\/\/www.ku.fi\/artikkeli\/4929700-sanat-ovat-silta-maailmaan-muistuttaa-kirjailija-satu-taskinen\"><strong>SANAT OVAT SILTA MAAILMAAN<\/strong><\/a>. <strong>Haastattelu<\/strong>, Kansan Uutiset, toimittajana Sisko-Tuulikki Toijonen. Lokakuu 2023.<\/p>\n\n\n\n<p><a href=\"https:\/\/kirjailijaliitto.fi\/ammattina-kirjailija\/ammattina-kirjailija-satu-taskinen\/\"><strong>AMMATTINA KIRJAILIJA<\/strong><\/a><br><strong>Haastattelu<\/strong>, Kirjailijaliiton Yst\u00e4v\u00e4kirja-sarja, joulukuu 2020<\/p>\n\n\n\n<p><strong><a href=\"http:\/\/kulttuurishokki.blogspot.com\/2017\/10\/lukupiirissa-satu-taskisen-lapset.html\">LUKUPIIRISS\u00c4 SATU TASKISEN LAPSET<\/a><\/strong><br><strong>Blogikirjoitus<\/strong>, Jesse Raatikainen, 31.10.2017<\/p>\n\n\n\n<p><a href=\"https:\/\/www.satutaskinen.com\/de\/wp-content\/uploads\/2018\/09\/INTERVIEW-VON-TINA-SCHRAML-B\u00dcCHER-MAGAZIN-22016.pdf\"><strong>VOM SCHWEINSBRATEN ZUR GLAUBENSKRISE<\/strong><\/a><br><strong>Interview,<\/strong> Tina Schraml, B\u00fccher Magazin 2\/2016<\/p>\n\n\n\n<p><strong><a href=\"https:\/\/derstandard.at\/2000041159772\/Satu-Taskinen-Wer-zuerst-stirbt-lebt-am-laengsten\">WER ZUERST STIRBT, LEBT AM L\u00c4NGSTEN<\/a><\/strong><br><strong>Rezension<\/strong>, <strong>Die Kathedrale<\/strong>, Bernhard Oberreither, Album\/Der Standard 16.7.2016<\/p>\n\n\n\n<p><strong><a href=\"https:\/\/www.lahrer-zeitung.de\/inhalt.hausach-unhoer-aber-sicht-und-verstehbar.d716501f-e39f-426f-87cf-4d48f7d43e81.html\">UNH\u00d6R-, ABER SICHT- UND VERSTEHBAR<\/a><\/strong><br><strong>Beitrag<\/strong> zu Inklusionslesung auf Hausacher Leselenz, Charlotte Reinhard, Schwarzw\u00e4lder-Bote 16.07.2015<\/p>\n\n\n\n<p><strong><a href=\"http:\/\/www.kultura-extra.de\/literatur\/spezial\/buchkritik_satutaskinen_diekathedrale.php\">INNENANSICHTEN EINER GEST\u00d6RTEN FRAU<\/a><\/strong><br><strong>Rezension<\/strong>, <strong>Die Kathedrale<\/strong>, Ellen Norden, Kultura extra 22.12.2015<\/p>\n\n\n\n<p><strong><a href=\"https:\/\/diepresse.com\/home\/spectrum\/literatur\/4885718\/Das-Horten-von-Muell?from=suche.intern.portal\">DAS HORTEN VON M\u00dcLL<\/a><\/strong><br><strong>Rezension<\/strong>, <strong>Die Kathedrale<\/strong>, Maria-Christine Leitgeb, die Presse 11.12.2015<\/p>\n\n\n\n<p><a href=\"https:\/\/oe1.orf.at\/artikel\/426316\"><strong>REZENSION DIE KATHEDRALE<\/strong><\/a>, ORF Kultursender \u00d61, 6.12.2015<\/p>\n\n\n\n<p><a href=\"http:\/\/www.letterstedtska.org\/wp-content\/uploads\/2015\/11\/NT3-15_webb.pdf\"><strong>HAR FINLANDIA-DIKTATORN GOD ELLER D\u00c5LIG SMAK?<\/strong><\/a><br>Den finska litteraturen 2014, Mervi Kantokorpi, Nordisk Tidskrift 3\/2015<\/p>\n\n\n\n<p><a href=\"http:\/\/www.kiiltomato.net\/sarianna-silvonen-ja-vesa-sisatto-kotimaisia-nykykertojia-10\/\"><strong>KOTIMAISIA NYKYKERTOJIA 10<\/strong><\/a><br><strong>Esittely<\/strong>, Avaimen kirjailijaesittelyt<br>Vesa Sis\u00e4tt\u00f6, Sarianna Silvonen, BTJ 2015<\/p>\n\n\n\n<p><strong><a href=\"https:\/\/crowd-literature.eu\/satu-taskinen-interview\/\">&#8222;I TRY TO ADD TO AWARENESS&#8220;<\/a><\/strong><br><strong>Interview<\/strong>, by Julia Schiefer, CROWD-Network 2015<\/p>\n\n\n\n<p><strong><a href=\"http:\/\/www.booksfromfinland.fi\/2014\/11\/in-the-shadow-of-the-cathedral\/\">IN THE SHADOW OF THE CATHEDRAL<\/a><\/strong><br><strong>Essay<\/strong>, Mervi Kantokorpi on the novels&nbsp;<strong>Katedraali<\/strong> (The Cathedral) and <strong>T\u00e4ydellinen paisti<\/strong> (The Perfect Steak) in Books from Finland &#8211; a literary Journal, 2014<\/p>\n\n\n\n<p><a href=\"https:\/\/putkinotkory.files.wordpress.com\/2014\/07\/kakriainen-414.pdf\"><strong>AJATUKSISTA TEKOIHIN<\/strong><\/a><br><strong>Haastattelu<\/strong>, Krista Lehtonen, K\u00e4kri\u00e4inen 7\/2014<\/p>\n\n\n\n<p><strong><a href=\"http:\/\/www.luutii.ma-pe.net\/julkisuus-on-vain-haamu-ei-taydellinen-paisti\/\">JULKISUUS ON VAIN HAAMU, EI T\u00c4YDELLINEN PAISTI<\/a><\/strong><br><strong>Blogikirjoitus<\/strong>, Risto Niemi-Pyntt\u00e4ri, Luutii 12.4.2012<\/p>\n\n\n\n<p><strong><a href=\"http:\/\/www.litera.hu\/hirek\/satu_taskinen_a_tokeletes_sertessult_reszlet\">A T\u00d6K\u00c9LETES SERT\u00c9SS\u00dcLT<\/a><\/strong><a href=\"http:\/\/www.litera.hu\/hirek\/satu_taskinen_a_tokeletes_sertessult_reszlet\"> (R\u00c8SZLET)<\/a><br><strong>Translation sample<\/strong>, <strong>The Perfect Steak<\/strong>, a short excerpt in Hungarian by Laura B\u00e1ba, 14.4.2012, www.litera.hu<\/p>\n\n\n\n<figure class=\"wp-block-image size-large\"><img decoding=\"async\" src=\"https:\/\/www.satutaskinen.com\/de\/wp-content\/uploads\/2023\/03\/Satu_Taskinen_header.jpg\" alt=\"\"\/><\/figure>\n\n\n\n<figure class=\"wp-block-image size-large\"><a href=\"https:\/\/www.satutaskinen.com\/de\/wp-content\/uploads\/2023\/03\/Satu_Taskinen_01_MV-scaled.jpg\"><img loading=\"lazy\" decoding=\"async\" width=\"1024\" height=\"683\" src=\"https:\/\/www.satutaskinen.com\/de\/wp-content\/uploads\/2023\/03\/Satu_Taskinen_01_MV-1024x683.jpg\" alt=\"Portrait Satu Taskinen\" class=\"wp-image-1553\" srcset=\"https:\/\/www.satutaskinen.com\/de\/wp-content\/uploads\/2023\/03\/Satu_Taskinen_01_MV-1024x683.jpg 1024w, https:\/\/www.satutaskinen.com\/de\/wp-content\/uploads\/2023\/03\/Satu_Taskinen_01_MV-300x200.jpg 300w, https:\/\/www.satutaskinen.com\/de\/wp-content\/uploads\/2023\/03\/Satu_Taskinen_01_MV-768x512.jpg 768w, https:\/\/www.satutaskinen.com\/de\/wp-content\/uploads\/2023\/03\/Satu_Taskinen_01_MV-1536x1025.jpg 1536w, https:\/\/www.satutaskinen.com\/de\/wp-content\/uploads\/2023\/03\/Satu_Taskinen_01_MV-2048x1366.jpg 2048w\" sizes=\"auto, (max-width: 767px) 89vw, (max-width: 1000px) 54vw, (max-width: 1071px) 543px, 580px\" \/><\/a><figcaption class=\"wp-element-caption\">Fotografin: Liisa Takala<\/figcaption><\/figure>\n\n\n\n<figure class=\"wp-block-image size-large is-resized\"><a href=\"https:\/\/www.satutaskinen.com\/de\/wp-content\/uploads\/2023\/03\/Satu_Taskinen_02-scaled.jpg\"><img loading=\"lazy\" decoding=\"async\" width=\"683\" height=\"1024\" src=\"https:\/\/www.satutaskinen.com\/de\/wp-content\/uploads\/2023\/03\/Satu_Taskinen_02-683x1024.jpg\" alt=\"Portrait Satu Taskinen\" class=\"wp-image-1556\" style=\"width:342px;height:512px\" srcset=\"https:\/\/www.satutaskinen.com\/de\/wp-content\/uploads\/2023\/03\/Satu_Taskinen_02-683x1024.jpg 683w, https:\/\/www.satutaskinen.com\/de\/wp-content\/uploads\/2023\/03\/Satu_Taskinen_02-200x300.jpg 200w, https:\/\/www.satutaskinen.com\/de\/wp-content\/uploads\/2023\/03\/Satu_Taskinen_02-768x1151.jpg 768w, https:\/\/www.satutaskinen.com\/de\/wp-content\/uploads\/2023\/03\/Satu_Taskinen_02-1025x1536.jpg 1025w, https:\/\/www.satutaskinen.com\/de\/wp-content\/uploads\/2023\/03\/Satu_Taskinen_02-1366x2048.jpg 1366w, https:\/\/www.satutaskinen.com\/de\/wp-content\/uploads\/2023\/03\/Satu_Taskinen_02-scaled.jpg 1708w\" sizes=\"auto, (max-width: 683px) 100vw, 683px\" \/><\/a><figcaption class=\"wp-element-caption\">Fotografin: Liisa Takala<\/figcaption><\/figure>\n\n\n\n<figure class=\"wp-block-image size-large is-resized\"><a href=\"https:\/\/www.satutaskinen.com\/de\/wp-content\/uploads\/2023\/03\/Satu_Taskinen_02_MV-scaled.jpg\"><img loading=\"lazy\" decoding=\"async\" width=\"683\" height=\"1024\" src=\"https:\/\/www.satutaskinen.com\/de\/wp-content\/uploads\/2023\/03\/Satu_Taskinen_02_MV-683x1024.jpg\" alt=\"Portrait Satu Taskinen\" class=\"wp-image-1555\" style=\"width:342px;height:512px\" srcset=\"https:\/\/www.satutaskinen.com\/de\/wp-content\/uploads\/2023\/03\/Satu_Taskinen_02_MV-683x1024.jpg 683w, https:\/\/www.satutaskinen.com\/de\/wp-content\/uploads\/2023\/03\/Satu_Taskinen_02_MV-200x300.jpg 200w, https:\/\/www.satutaskinen.com\/de\/wp-content\/uploads\/2023\/03\/Satu_Taskinen_02_MV-768x1151.jpg 768w, https:\/\/www.satutaskinen.com\/de\/wp-content\/uploads\/2023\/03\/Satu_Taskinen_02_MV-1025x1536.jpg 1025w, https:\/\/www.satutaskinen.com\/de\/wp-content\/uploads\/2023\/03\/Satu_Taskinen_02_MV-1366x2048.jpg 1366w, https:\/\/www.satutaskinen.com\/de\/wp-content\/uploads\/2023\/03\/Satu_Taskinen_02_MV-scaled.jpg 1708w\" sizes=\"auto, (max-width: 683px) 100vw, 683px\" \/><\/a><figcaption class=\"wp-element-caption\">Fotografin: Liisa Takala<\/figcaption><\/figure>\n\n\n\n<figure class=\"wp-block-image\"><img loading=\"lazy\" decoding=\"async\" width=\"225\" height=\"300\" src=\"https:\/\/www.satutaskinen.com\/de\/wp-content\/uploads\/2019\/08\/uusi-kuva-1-e1566823526637-225x300.jpg\" alt=\"\" class=\"wp-image-1377\" srcset=\"https:\/\/www.satutaskinen.com\/de\/wp-content\/uploads\/2019\/08\/uusi-kuva-1-e1566823526637-225x300.jpg 225w, https:\/\/www.satutaskinen.com\/de\/wp-content\/uploads\/2019\/08\/uusi-kuva-1-e1566823526637-768x1024.jpg 768w\" sizes=\"auto, (max-width: 225px) 100vw, 225px\" \/><\/figure>\n\n\n\n<p>\u00a9 Ewald Pollheimer<\/p>\n\n\n\n<figure class=\"wp-block-image\"><img loading=\"lazy\" decoding=\"async\" width=\"225\" height=\"300\" src=\"https:\/\/www.satutaskinen.com\/de\/wp-content\/uploads\/2019\/08\/uusi-kuva-2-225x300.jpg\" alt=\"\" class=\"wp-image-1378\" srcset=\"https:\/\/www.satutaskinen.com\/de\/wp-content\/uploads\/2019\/08\/uusi-kuva-2-225x300.jpg 225w, https:\/\/www.satutaskinen.com\/de\/wp-content\/uploads\/2019\/08\/uusi-kuva-2-768x1024.jpg 768w\" sizes=\"auto, (max-width: 225px) 100vw, 225px\" \/><\/figure>\n\n\n\n<p>\u00a9 Ewald Pollheimer<\/p>\n\n\n\n<figure class=\"wp-block-image alignnone\"><a href=\"https:\/\/www.satutaskinen.com\/de\/wp-content\/uploads\/2018\/01\/Satu_Taskinen_Portraet.jpg\"><img loading=\"lazy\" decoding=\"async\" width=\"1024\" height=\"683\" src=\"https:\/\/www.satutaskinen.com\/de\/wp-content\/uploads\/2018\/01\/Satu_Taskinen_Portraet-1024x683.jpg\" alt=\"Portr\u00e4tfoto: Satu Taskinen\" class=\"wp-image-43\" srcset=\"https:\/\/www.satutaskinen.com\/de\/wp-content\/uploads\/2018\/01\/Satu_Taskinen_Portraet.jpg 1024w, https:\/\/www.satutaskinen.com\/de\/wp-content\/uploads\/2018\/01\/Satu_Taskinen_Portraet-300x200.jpg 300w, https:\/\/www.satutaskinen.com\/de\/wp-content\/uploads\/2018\/01\/Satu_Taskinen_Portraet-768x512.jpg 768w\" sizes=\"auto, (max-width: 767px) 89vw, (max-width: 1000px) 54vw, (max-width: 1071px) 543px, 580px\" \/><\/a><figcaption class=\"wp-element-caption\">\u00a9 Ewald Pollheimer<\/figcaption><\/figure>\n\n\n\n<figure class=\"wp-block-image alignnone\"><a href=\"https:\/\/www.satutaskinen.com\/de\/wp-content\/uploads\/2018\/01\/Satu_Taskinen_Portraet_2.jpg\"><img loading=\"lazy\" decoding=\"async\" width=\"1024\" height=\"683\" src=\"https:\/\/www.satutaskinen.com\/de\/wp-content\/uploads\/2018\/01\/Satu_Taskinen_Portraet_2-1024x683.jpg\" alt=\"Portraet Satu Taskinen\" class=\"wp-image-158\" srcset=\"https:\/\/www.satutaskinen.com\/de\/wp-content\/uploads\/2018\/01\/Satu_Taskinen_Portraet_2-1024x683.jpg 1024w, https:\/\/www.satutaskinen.com\/de\/wp-content\/uploads\/2018\/01\/Satu_Taskinen_Portraet_2-300x200.jpg 300w, https:\/\/www.satutaskinen.com\/de\/wp-content\/uploads\/2018\/01\/Satu_Taskinen_Portraet_2-768x512.jpg 768w\" sizes=\"auto, (max-width: 767px) 89vw, (max-width: 1000px) 54vw, (max-width: 1071px) 543px, 580px\" \/><\/a><figcaption class=\"wp-element-caption\">\u00a9 Ewald Pollheimer<\/figcaption><\/figure>\n\n\n\n<figure class=\"wp-block-image alignnone\"><a href=\"https:\/\/www.satutaskinen.com\/de\/wp-content\/uploads\/2018\/01\/Satu_Taskinen_Portraet_3.jpg\"><img loading=\"lazy\" decoding=\"async\" width=\"683\" height=\"1024\" src=\"https:\/\/www.satutaskinen.com\/de\/wp-content\/uploads\/2018\/01\/Satu_Taskinen_Portraet_3-683x1024.jpg\" alt=\"Portraet Satu Taskinen\" class=\"wp-image-159\" srcset=\"https:\/\/www.satutaskinen.com\/de\/wp-content\/uploads\/2018\/01\/Satu_Taskinen_Portraet_3-683x1024.jpg 683w, https:\/\/www.satutaskinen.com\/de\/wp-content\/uploads\/2018\/01\/Satu_Taskinen_Portraet_3-200x300.jpg 200w, https:\/\/www.satutaskinen.com\/de\/wp-content\/uploads\/2018\/01\/Satu_Taskinen_Portraet_3-768x1152.jpg 768w\" sizes=\"auto, (max-width: 683px) 100vw, 683px\" \/><\/a><figcaption class=\"wp-element-caption\">\u00a9 Stefan Bremer<\/figcaption><\/figure>\n\n\n\n<figure class=\"wp-block-image alignnone\"><a href=\"https:\/\/www.satutaskinen.com\/de\/wp-content\/uploads\/2018\/02\/Satu_Taskinen_Portraet_5.jpg\"><img loading=\"lazy\" decoding=\"async\" width=\"683\" height=\"1024\" src=\"https:\/\/www.satutaskinen.com\/de\/wp-content\/uploads\/2018\/02\/Satu_Taskinen_Portraet_5-683x1024.jpg\" alt=\"Portr\u00e4t Satu Taskinen\" class=\"wp-image-256\" srcset=\"https:\/\/www.satutaskinen.com\/de\/wp-content\/uploads\/2018\/02\/Satu_Taskinen_Portraet_5-683x1024.jpg 683w, https:\/\/www.satutaskinen.com\/de\/wp-content\/uploads\/2018\/02\/Satu_Taskinen_Portraet_5-200x300.jpg 200w, https:\/\/www.satutaskinen.com\/de\/wp-content\/uploads\/2018\/02\/Satu_Taskinen_Portraet_5-768x1152.jpg 768w\" sizes=\"auto, (max-width: 683px) 100vw, 683px\" \/><\/a><figcaption class=\"wp-element-caption\">\u00a9 Stefan Bremer<\/figcaption><\/figure>\n\n\n\n<p><img loading=\"lazy\" decoding=\"async\" class=\"alignnone size-medium wp-image-562\" src=\"https:\/\/www.satutaskinen.com\/de\/wp-content\/uploads\/2018\/06\/IMG_8631-200x300.jpg\" alt=\"\" width=\"200\" height=\"300\" srcset=\"https:\/\/www.satutaskinen.com\/de\/wp-content\/uploads\/2018\/06\/IMG_8631-200x300.jpg 200w, https:\/\/www.satutaskinen.com\/de\/wp-content\/uploads\/2018\/06\/IMG_8631-768x1152.jpg 768w, https:\/\/www.satutaskinen.com\/de\/wp-content\/uploads\/2018\/06\/IMG_8631-683x1024.jpg 683w\" sizes=\"auto, (max-width: 200px) 100vw, 200px\" \/><br>\u00a9 Ewald Pollheimer<\/p>\n\n\n\n<p><img loading=\"lazy\" decoding=\"async\" class=\"alignnone size-medium wp-image-561\" src=\"https:\/\/www.satutaskinen.com\/de\/wp-content\/uploads\/2018\/06\/IMG_8411-200x300.jpg\" alt=\"\" width=\"200\" height=\"300\" srcset=\"https:\/\/www.satutaskinen.com\/de\/wp-content\/uploads\/2018\/06\/IMG_8411-200x300.jpg 200w, https:\/\/www.satutaskinen.com\/de\/wp-content\/uploads\/2018\/06\/IMG_8411-768x1152.jpg 768w, https:\/\/www.satutaskinen.com\/de\/wp-content\/uploads\/2018\/06\/IMG_8411-683x1024.jpg 683w\" sizes=\"auto, (max-width: 200px) 100vw, 200px\" \/><br>\u00a9 Ewald Pollheimer<\/p>\n\n\n\n<p><img loading=\"lazy\" decoding=\"async\" class=\"alignnone size-medium wp-image-560\" src=\"https:\/\/www.satutaskinen.com\/de\/wp-content\/uploads\/2018\/06\/IMG_8393-300x200.jpg\" alt=\"\" width=\"300\" height=\"200\" srcset=\"https:\/\/www.satutaskinen.com\/de\/wp-content\/uploads\/2018\/06\/IMG_8393-300x200.jpg 300w, https:\/\/www.satutaskinen.com\/de\/wp-content\/uploads\/2018\/06\/IMG_8393-768x512.jpg 768w, https:\/\/www.satutaskinen.com\/de\/wp-content\/uploads\/2018\/06\/IMG_8393-1024x683.jpg 1024w\" sizes=\"auto, (max-width: 300px) 100vw, 300px\" \/><br>\u00a9 Ewald Pollheimer<\/p>\n","protected":false},"excerpt":{"rendered":"<p>SANAT OVAT SILTA MAAILMAAN. Haastattelu, Kansan Uutiset, toimittajana Sisko-Tuulikki Toijonen. Lokakuu 2023. AMMATTINA KIRJAILIJAHaastattelu, Kirjailijaliiton Yst\u00e4v\u00e4kirja-sarja, joulukuu 2020 LUKUPIIRISS\u00c4 SATU TASKISEN LAPSETBlogikirjoitus, Jesse Raatikainen, 31.10.2017 VOM SCHWEINSBRATEN ZUR GLAUBENSKRISEInterview, Tina Schraml, B\u00fccher Magazin 2\/2016 WER ZUERST STIRBT, LEBT AM L\u00c4NGSTENRezension, Die Kathedrale, Bernhard Oberreither, Album\/Der Standard 16.7.2016 UNH\u00d6R-, ABER SICHT- UND VERSTEHBARBeitrag zu Inklusionslesung auf &hellip; <\/p>\n<p class=\"link-more\"><a href=\"https:\/\/www.satutaskinen.com\/de\/press\/\" class=\"more-link\"><span class=\"screen-reader-text\">\u201ePress\u201c <\/span>weiterlesen<\/a><\/p>\n","protected":false},"author":2,"featured_media":0,"parent":0,"menu_order":0,"comment_status":"closed","ping_status":"closed","template":"","meta":{"footnotes":""},"class_list":["post-153","page","type-page","status-publish","hentry"],"_links":{"self":[{"href":"https:\/\/www.satutaskinen.com\/de\/wp-json\/wp\/v2\/pages\/153","targetHints":{"allow":["GET"]}}],"collection":[{"href":"https:\/\/www.satutaskinen.com\/de\/wp-json\/wp\/v2\/pages"}],"about":[{"href":"https:\/\/www.satutaskinen.com\/de\/wp-json\/wp\/v2\/types\/page"}],"author":[{"embeddable":true,"href":"https:\/\/www.satutaskinen.com\/de\/wp-json\/wp\/v2\/users\/2"}],"replies":[{"embeddable":true,"href":"https:\/\/www.satutaskinen.com\/de\/wp-json\/wp\/v2\/comments?post=153"}],"version-history":[{"count":55,"href":"https:\/\/www.satutaskinen.com\/de\/wp-json\/wp\/v2\/pages\/153\/revisions"}],"predecessor-version":[{"id":1797,"href":"https:\/\/www.satutaskinen.com\/de\/wp-json\/wp\/v2\/pages\/153\/revisions\/1797"}],"wp:attachment":[{"href":"https:\/\/www.satutaskinen.com\/de\/wp-json\/wp\/v2\/media?parent=153"}],"curies":[{"name":"wp","href":"https:\/\/api.w.org\/{rel}","templated":true}]}}